
{"id":40419,"date":"2024-07-05T17:12:10","date_gmt":"2024-07-05T15:12:10","guid":{"rendered":"https:\/\/triangle.cat\/producto\/casa-batllo-casa-barcelona\/"},"modified":"2024-08-14T19:11:39","modified_gmt":"2024-08-14T17:11:39","slug":"casa-batllo-casa-barcelona","status":"publish","type":"product","link":"https:\/\/triangle.cat\/es\/producto\/casa-batllo-casa-barcelona\/","title":{"rendered":"Casa Batll\u00f3"},"content":{"rendered":"","protected":false},"excerpt":{"rendered":"<p>Este libro celebra el genio portentoso y la pasi\u00f3n creativa de Gaud\u00ed. La joya arquitect\u00f3nica que es Casa Batll\u00f3 y el impacto emocional que sacude a sus visitantes se reflejan fielmente en Casa Batll\u00f3. La Casa de Barcelona a trav\u00e9s, en primer lugar, de unas fotograf\u00edas de Pere Vivas que son una ventana abierta al prodigioso mundo del arquitecto. Y, en segundo lugar, y de manera m\u00e1s reflexiva, de unos textos de Daniel Giralt-Miracle, Mireia Freixa, Amilcar Vargas, Alfredo Ruiz, Joan Olona, Ignasi Villanueva, Mireia Bosch, Ana Atance y Xavier Villanueva que nos descubren el pasado, el presente, el legado oculto, el arte y la simbolog\u00eda de una obra maestra, Patrimonio Mundial de la Unesco desde 2005.<br \/>\n\u00abBienvenidos a Casa Batll\u00f3, desde ahora, vuestra Casa\u00bb (Nina Bernat, consejera delegada de Casa Batll\u00f3).<\/p>\n","protected":false},"featured_media":40349,"comment_status":"closed","ping_status":"closed","template":"","meta":{"_acf_changed":false,"_monsterinsights_skip_tracking":false,"_monsterinsights_sitenote_active":false,"_monsterinsights_sitenote_note":"","_monsterinsights_sitenote_category":0},"product_brand":[],"product_cat":[1460,1529],"product_tag":[],"class_list":{"0":"post-40419","1":"product","2":"type-product","3":"status-publish","4":"has-post-thumbnail","6":"product_cat-sin-categorizar-es","7":"product_cat-libros","8":"pa_idioma-catalan","9":"pa_idioma-english-es","10":"pa_idioma-espanol-es-2","11":"pa_idioma-francais-es","13":"first","14":"instock","15":"taxable","16":"shipping-taxable","17":"purchasable","18":"product-type-variable"},"acf":[],"_links":{"self":[{"href":"https:\/\/triangle.cat\/es\/wp-json\/wp\/v2\/product\/40419","targetHints":{"allow":["GET"]}}],"collection":[{"href":"https:\/\/triangle.cat\/es\/wp-json\/wp\/v2\/product"}],"about":[{"href":"https:\/\/triangle.cat\/es\/wp-json\/wp\/v2\/types\/product"}],"replies":[{"embeddable":true,"href":"https:\/\/triangle.cat\/es\/wp-json\/wp\/v2\/comments?post=40419"}],"wp:featuredmedia":[{"embeddable":true,"href":"https:\/\/triangle.cat\/es\/wp-json\/wp\/v2\/media\/40349"}],"wp:attachment":[{"href":"https:\/\/triangle.cat\/es\/wp-json\/wp\/v2\/media?parent=40419"}],"wp:term":[{"taxonomy":"product_brand","embeddable":true,"href":"https:\/\/triangle.cat\/es\/wp-json\/wp\/v2\/product_brand?post=40419"},{"taxonomy":"product_cat","embeddable":true,"href":"https:\/\/triangle.cat\/es\/wp-json\/wp\/v2\/product_cat?post=40419"},{"taxonomy":"product_tag","embeddable":true,"href":"https:\/\/triangle.cat\/es\/wp-json\/wp\/v2\/product_tag?post=40419"}],"curies":[{"name":"wp","href":"https:\/\/api.w.org\/{rel}","templated":true}]}}