
{"id":40331,"date":"2024-07-05T13:10:26","date_gmt":"2024-07-05T11:10:26","guid":{"rendered":"https:\/\/triangle.cat\/producto\/barcelona-tiny-travelers\/"},"modified":"2024-12-12T15:18:14","modified_gmt":"2024-12-12T13:18:14","slug":"barcelona-tiny-travelers","status":"publish","type":"product","link":"https:\/\/triangle.cat\/es\/producto\/barcelona-tiny-travelers\/","title":{"rendered":"Barcelona"},"content":{"rendered":"","protected":false},"excerpt":{"rendered":"<p>Barcelona para peque\u00f1os viajeros lleva a los ni\u00f1os de paseo por los lugares m\u00e1s conocidos de Barcelona. \u00a1Sube a la monta\u00f1a rusa del Tibidabo, explora las obras de Gaud\u00ed o disfruta de las vistas del mar desde el telef\u00e9rico! Incluye un diccionario ilustrado espa\u00f1ol-ingl\u00e9s con el que los peque\u00f1os lectores aprender\u00e1n algunas frases en espa\u00f1ol y ingl\u00e9s en cada uno de estos divertidos<\/p>\n","protected":false},"featured_media":40306,"comment_status":"closed","ping_status":"closed","template":"","meta":{"_acf_changed":false,"_monsterinsights_skip_tracking":false,"_monsterinsights_sitenote_active":false,"_monsterinsights_sitenote_note":"","_monsterinsights_sitenote_category":0},"product_brand":[],"product_cat":[1564,1913,1460],"product_tag":[],"class_list":{"0":"post-40331","1":"product","2":"type-product","3":"status-publish","4":"has-post-thumbnail","6":"product_cat-infantil-es","7":"product_cat-llibres-infantils-es","8":"product_cat-sin-categorizar-es","9":"pa_idioma-ingles","11":"first","12":"instock","13":"taxable","14":"shipping-taxable","15":"purchasable","16":"product-type-variable"},"acf":[],"_links":{"self":[{"href":"https:\/\/triangle.cat\/es\/wp-json\/wp\/v2\/product\/40331","targetHints":{"allow":["GET"]}}],"collection":[{"href":"https:\/\/triangle.cat\/es\/wp-json\/wp\/v2\/product"}],"about":[{"href":"https:\/\/triangle.cat\/es\/wp-json\/wp\/v2\/types\/product"}],"replies":[{"embeddable":true,"href":"https:\/\/triangle.cat\/es\/wp-json\/wp\/v2\/comments?post=40331"}],"wp:featuredmedia":[{"embeddable":true,"href":"https:\/\/triangle.cat\/es\/wp-json\/wp\/v2\/media\/40306"}],"wp:attachment":[{"href":"https:\/\/triangle.cat\/es\/wp-json\/wp\/v2\/media?parent=40331"}],"wp:term":[{"taxonomy":"product_brand","embeddable":true,"href":"https:\/\/triangle.cat\/es\/wp-json\/wp\/v2\/product_brand?post=40331"},{"taxonomy":"product_cat","embeddable":true,"href":"https:\/\/triangle.cat\/es\/wp-json\/wp\/v2\/product_cat?post=40331"},{"taxonomy":"product_tag","embeddable":true,"href":"https:\/\/triangle.cat\/es\/wp-json\/wp\/v2\/product_tag?post=40331"}],"curies":[{"name":"wp","href":"https:\/\/api.w.org\/{rel}","templated":true}]}}