
{"id":35522,"date":"2019-03-06T00:00:00","date_gmt":"2022-03-05T22:00:00","guid":{"rendered":"https:\/\/triangle.cat\/producto\/sketchguides-a-day-at-palau-guell\/"},"modified":"2025-07-30T10:07:11","modified_gmt":"2025-07-30T08:07:11","slug":"sketchguides-a-day-at-palau-guell","status":"publish","type":"product","link":"https:\/\/triangle.cat\/es\/producto\/sketchguides-a-day-at-palau-guell\/","title":{"rendered":"A day at Palau G\u00fcell"},"content":{"rendered":"","protected":false},"excerpt":{"rendered":"<p>De ni\u00f1o ya sent\u00eda la necesidad de expresarme a trav\u00e9s del dibujo. A la edad de diecis\u00e9is a\u00f1os me embarqu\u00e9 en la Ruta Quetzal y me di cuenta de que el dibujo me daba m\u00e1s posibilidades que la fotograf\u00eda a la hora de reinterpretar y explorar la realidad. Una vez establecido en Barcelona, \u200b\u200bel dibujo se convirti\u00f3 en una opci\u00f3n de vida y en un medio para mejorar mis habilidades. En la actualidad, me concentro completamente en entender qu\u00e9 estoy dibujando para extraer su significado y belleza. Disfruto mientras aprendo y viceversa. Dibujar el Palau G\u00fcell fue un verdadero desaf\u00edo, y fue muy gratificante representar todo su entorno y descifrar el genio de Gaud\u00ed.<\/p>\n","protected":false},"featured_media":35503,"comment_status":"closed","ping_status":"closed","template":"","meta":{"_acf_changed":false,"_monsterinsights_skip_tracking":false,"_monsterinsights_sitenote_active":false,"_monsterinsights_sitenote_note":"","_monsterinsights_sitenote_category":0},"product_brand":[],"product_cat":[1497,1501,1525],"product_tag":[],"class_list":{"0":"post-35522","1":"product","2":"type-product","3":"status-publish","4":"has-post-thumbnail","6":"product_cat-arte-y-arquitectura","7":"product_cat-barcelona-es","8":"product_cat-sketchguides-es","9":"pa_idioma-multilingue-espanol-english-francais-es","11":"first","12":"instock","13":"purchasable","14":"product-type-variable"},"acf":[],"_links":{"self":[{"href":"https:\/\/triangle.cat\/es\/wp-json\/wp\/v2\/product\/35522","targetHints":{"allow":["GET"]}}],"collection":[{"href":"https:\/\/triangle.cat\/es\/wp-json\/wp\/v2\/product"}],"about":[{"href":"https:\/\/triangle.cat\/es\/wp-json\/wp\/v2\/types\/product"}],"replies":[{"embeddable":true,"href":"https:\/\/triangle.cat\/es\/wp-json\/wp\/v2\/comments?post=35522"}],"wp:featuredmedia":[{"embeddable":true,"href":"https:\/\/triangle.cat\/es\/wp-json\/wp\/v2\/media\/35503"}],"wp:attachment":[{"href":"https:\/\/triangle.cat\/es\/wp-json\/wp\/v2\/media?parent=35522"}],"wp:term":[{"taxonomy":"product_brand","embeddable":true,"href":"https:\/\/triangle.cat\/es\/wp-json\/wp\/v2\/product_brand?post=35522"},{"taxonomy":"product_cat","embeddable":true,"href":"https:\/\/triangle.cat\/es\/wp-json\/wp\/v2\/product_cat?post=35522"},{"taxonomy":"product_tag","embeddable":true,"href":"https:\/\/triangle.cat\/es\/wp-json\/wp\/v2\/product_tag?post=35522"}],"curies":[{"name":"wp","href":"https:\/\/api.w.org\/{rel}","templated":true}]}}