
{"id":35521,"date":"2021-03-06T00:00:00","date_gmt":"2022-03-05T22:00:00","guid":{"rendered":"https:\/\/triangle.cat\/producto\/sketchguides-park-guell-journey\/"},"modified":"2026-03-07T10:20:19","modified_gmt":"2026-03-07T08:20:19","slug":"sketchguides-park-guell-journey","status":"publish","type":"product","link":"https:\/\/triangle.cat\/es\/producto\/sketchguides-park-guell-journey\/","title":{"rendered":"Park G\u00fcell journey"},"content":{"rendered":"","protected":false},"excerpt":{"rendered":"<p>Amo los colores y amo mi ciudad, Barcelona. Como dise\u00f1adora gr\u00e1fica e ilustradora, suelo trabajar a puerta cerrada en mi estudio, pero gracias a street sketching he descubierto mi vertiente pict\u00f3rica y mi ciudad. Me gustan mucho los l\u00e1pices de colores, las acuarelas y los gouaches y me encanta ensuciarme las manos. El Park G\u00fcell es un lugar maravilloso para dejarse seducir por sus l\u00edneas y colores. Os invito a este breve viaje en dibujos a trav\u00e9s de uno de los sitios m\u00e1s sorprendentes y m\u00e1gicos del universo gaud\u00ed. \u00a1Espero que os divirt\u00e1is tanto en el park g\u00fcell como yo dibuj\u00e1ndolo!<\/br> <\/br>ISBN: 978-84-9458-291-2 &#8211; SGPK-2<\/p>\n","protected":false},"featured_media":35498,"comment_status":"closed","ping_status":"closed","template":"","meta":{"_acf_changed":false,"_monsterinsights_skip_tracking":false,"_monsterinsights_sitenote_active":false,"_monsterinsights_sitenote_note":"","_monsterinsights_sitenote_category":0},"product_brand":[],"product_cat":[1497,1501,1525],"product_tag":[],"class_list":{"0":"post-35521","1":"product","2":"type-product","3":"status-publish","4":"has-post-thumbnail","6":"product_cat-arte-y-arquitectura","7":"product_cat-barcelona-es","8":"product_cat-sketchguides-es","9":"pa_idioma-multilingue-espanol-english-francais-es","11":"first","12":"instock","13":"purchasable","14":"product-type-variable"},"acf":[],"_links":{"self":[{"href":"https:\/\/triangle.cat\/es\/wp-json\/wp\/v2\/product\/35521","targetHints":{"allow":["GET"]}}],"collection":[{"href":"https:\/\/triangle.cat\/es\/wp-json\/wp\/v2\/product"}],"about":[{"href":"https:\/\/triangle.cat\/es\/wp-json\/wp\/v2\/types\/product"}],"replies":[{"embeddable":true,"href":"https:\/\/triangle.cat\/es\/wp-json\/wp\/v2\/comments?post=35521"}],"wp:featuredmedia":[{"embeddable":true,"href":"https:\/\/triangle.cat\/es\/wp-json\/wp\/v2\/media\/35498"}],"wp:attachment":[{"href":"https:\/\/triangle.cat\/es\/wp-json\/wp\/v2\/media?parent=35521"}],"wp:term":[{"taxonomy":"product_brand","embeddable":true,"href":"https:\/\/triangle.cat\/es\/wp-json\/wp\/v2\/product_brand?post=35521"},{"taxonomy":"product_cat","embeddable":true,"href":"https:\/\/triangle.cat\/es\/wp-json\/wp\/v2\/product_cat?post=35521"},{"taxonomy":"product_tag","embeddable":true,"href":"https:\/\/triangle.cat\/es\/wp-json\/wp\/v2\/product_tag?post=35521"}],"curies":[{"name":"wp","href":"https:\/\/api.w.org\/{rel}","templated":true}]}}