
{"id":35518,"date":"2021-03-06T00:00:00","date_gmt":"2022-03-05T22:00:00","guid":{"rendered":"https:\/\/triangle.cat\/producto\/sketchguides-top-tapas-barcelona-guide\/"},"modified":"2025-07-30T10:16:59","modified_gmt":"2025-07-30T08:16:59","slug":"sketchguides-top-tapas-barcelona-guide","status":"publish","type":"product","link":"https:\/\/triangle.cat\/es\/producto\/sketchguides-top-tapas-barcelona-guide\/","title":{"rendered":"Top Tapas Barcelona Guide"},"content":{"rendered":"","protected":false},"excerpt":{"rendered":"<p>Cuando era ni\u00f1o siempre disfrutaba dibujando, y ahora que soy adulto lo disfruto a\u00fan m\u00e1s. Llevo a\u00f1os llenando cuadernos con todo tipo de dibujos y siempre llevo uno en el bolsillo cuando voy de viaje. Dibujar en cuadernos forma parte de mi vida y tan pronto como termino uno, empiezo otro. En mis bocetos siempre aparecen edificios, personas, objetos, paisajes o ciudades, capturados para siempre en mis queridos cuadernos.<\/p>\n","protected":false},"featured_media":35483,"comment_status":"closed","ping_status":"closed","template":"","meta":{"_acf_changed":false,"_monsterinsights_skip_tracking":false,"_monsterinsights_sitenote_active":false,"_monsterinsights_sitenote_note":"","_monsterinsights_sitenote_category":0},"product_brand":[],"product_cat":[1501,1525],"product_tag":[],"class_list":{"0":"post-35518","1":"product","2":"type-product","3":"status-publish","4":"has-post-thumbnail","6":"product_cat-barcelona-es","7":"product_cat-sketchguides-es","8":"pa_idioma-multilingue-espanol-english-francais-es","10":"first","11":"instock","12":"purchasable","13":"product-type-variable"},"acf":[],"_links":{"self":[{"href":"https:\/\/triangle.cat\/es\/wp-json\/wp\/v2\/product\/35518","targetHints":{"allow":["GET"]}}],"collection":[{"href":"https:\/\/triangle.cat\/es\/wp-json\/wp\/v2\/product"}],"about":[{"href":"https:\/\/triangle.cat\/es\/wp-json\/wp\/v2\/types\/product"}],"replies":[{"embeddable":true,"href":"https:\/\/triangle.cat\/es\/wp-json\/wp\/v2\/comments?post=35518"}],"wp:featuredmedia":[{"embeddable":true,"href":"https:\/\/triangle.cat\/es\/wp-json\/wp\/v2\/media\/35483"}],"wp:attachment":[{"href":"https:\/\/triangle.cat\/es\/wp-json\/wp\/v2\/media?parent=35518"}],"wp:term":[{"taxonomy":"product_brand","embeddable":true,"href":"https:\/\/triangle.cat\/es\/wp-json\/wp\/v2\/product_brand?post=35518"},{"taxonomy":"product_cat","embeddable":true,"href":"https:\/\/triangle.cat\/es\/wp-json\/wp\/v2\/product_cat?post=35518"},{"taxonomy":"product_tag","embeddable":true,"href":"https:\/\/triangle.cat\/es\/wp-json\/wp\/v2\/product_tag?post=35518"}],"curies":[{"name":"wp","href":"https:\/\/api.w.org\/{rel}","templated":true}]}}