
{"id":35517,"date":"2021-03-06T00:00:00","date_gmt":"2022-03-05T22:00:00","guid":{"rendered":"https:\/\/triangle.cat\/producto\/sketchguides-la-rambla\/"},"modified":"2025-07-15T11:54:50","modified_gmt":"2025-07-15T09:54:50","slug":"sketchguides-la-rambla","status":"publish","type":"product","link":"https:\/\/triangle.cat\/es\/producto\/sketchguides-la-rambla\/","title":{"rendered":"La Rambla"},"content":{"rendered":"","protected":false},"excerpt":{"rendered":"<p>Hace unos a\u00f1os, Cristina descubri\u00f3 que dibujar al aire libre, en cualquier parte y dibujar de todo, era de lejos mucho m\u00e1s sorprendente e interesante que hacerlo en su estudio. Se la puede encontrar por la ciudad con una silla plegable y su equipo de dibujo. Cree que dibujar es una forma de percibir la vida y disfrutarla. Te obliga a reducir la velocidad, a tomarte tu tiempo y a observar cuidadosamente. Ah, pero no cre\u00e1is que dibujar es una actividad solitaria; \u00a1Los dibujos son la excusa perfecta para conocer gente interesante y tener experiencias incre\u00edbles!<\/p>\n","protected":false},"featured_media":35478,"comment_status":"closed","ping_status":"closed","template":"","meta":{"_acf_changed":false,"_monsterinsights_skip_tracking":false,"_monsterinsights_sitenote_active":false,"_monsterinsights_sitenote_note":"","_monsterinsights_sitenote_category":0},"product_brand":[],"product_cat":[1501,1525],"product_tag":[],"class_list":{"0":"post-35517","1":"product","2":"type-product","3":"status-publish","4":"has-post-thumbnail","6":"product_cat-barcelona-es","7":"product_cat-sketchguides-es","8":"pa_idioma-multilingue-catala-espanol-english-es-2","10":"first","11":"instock","12":"purchasable","13":"product-type-variable"},"acf":[],"_links":{"self":[{"href":"https:\/\/triangle.cat\/es\/wp-json\/wp\/v2\/product\/35517","targetHints":{"allow":["GET"]}}],"collection":[{"href":"https:\/\/triangle.cat\/es\/wp-json\/wp\/v2\/product"}],"about":[{"href":"https:\/\/triangle.cat\/es\/wp-json\/wp\/v2\/types\/product"}],"replies":[{"embeddable":true,"href":"https:\/\/triangle.cat\/es\/wp-json\/wp\/v2\/comments?post=35517"}],"wp:featuredmedia":[{"embeddable":true,"href":"https:\/\/triangle.cat\/es\/wp-json\/wp\/v2\/media\/35478"}],"wp:attachment":[{"href":"https:\/\/triangle.cat\/es\/wp-json\/wp\/v2\/media?parent=35517"}],"wp:term":[{"taxonomy":"product_brand","embeddable":true,"href":"https:\/\/triangle.cat\/es\/wp-json\/wp\/v2\/product_brand?post=35517"},{"taxonomy":"product_cat","embeddable":true,"href":"https:\/\/triangle.cat\/es\/wp-json\/wp\/v2\/product_cat?post=35517"},{"taxonomy":"product_tag","embeddable":true,"href":"https:\/\/triangle.cat\/es\/wp-json\/wp\/v2\/product_tag?post=35517"}],"curies":[{"name":"wp","href":"https:\/\/api.w.org\/{rel}","templated":true}]}}