
{"id":35516,"date":"2021-03-06T00:00:00","date_gmt":"2022-03-05T22:00:00","guid":{"rendered":"https:\/\/triangle.cat\/producto\/sketchguides-enjoy-gaudi\/"},"modified":"2025-07-30T10:52:56","modified_gmt":"2025-07-30T08:52:56","slug":"sketchguides-enjoy-gaudi","status":"publish","type":"product","link":"https:\/\/triangle.cat\/es\/producto\/sketchguides-enjoy-gaudi\/","title":{"rendered":"Enjoy Gaud\u00ed"},"content":{"rendered":"","protected":false},"excerpt":{"rendered":"<p>Swasky es un ilustrador y profesor de arte catal\u00e1n que vive a las afueras de Barcelona. Por ese motivo hace muchos dibujos en el tren. Sin embargo, este no es su \u00fanico medio de transporte. Va a todas partes con su bicicleta plegable y una bolsa llena de material de dibujo con el que esboza todo tipo de personas y lugares. \u00c9l cree que dibujar es una forma natural de expresi\u00f3n y su objetivo a la hora de ense\u00f1ar es hacer que tanto los ni\u00f1os como los adultos se den cuenta del potencial de sus propios dibujos. Es solo una cuesti\u00f3n de pr\u00e1ctica y de hacerlo de manera amena y divertida.<\/p>\n","protected":false},"featured_media":35473,"comment_status":"closed","ping_status":"closed","template":"","meta":{"_acf_changed":false,"_monsterinsights_skip_tracking":false,"_monsterinsights_sitenote_active":false,"_monsterinsights_sitenote_note":"","_monsterinsights_sitenote_category":0},"product_brand":[],"product_cat":[1497,1501,1525],"product_tag":[],"class_list":{"0":"post-35516","1":"product","2":"type-product","3":"status-publish","4":"has-post-thumbnail","6":"product_cat-arte-y-arquitectura","7":"product_cat-barcelona-es","8":"product_cat-sketchguides-es","9":"pa_idioma-multilingue-catala-espanol-english-es-2","11":"first","12":"outofstock","13":"taxable","14":"shipping-taxable","15":"purchasable","16":"product-type-variable"},"acf":[],"_links":{"self":[{"href":"https:\/\/triangle.cat\/es\/wp-json\/wp\/v2\/product\/35516","targetHints":{"allow":["GET"]}}],"collection":[{"href":"https:\/\/triangle.cat\/es\/wp-json\/wp\/v2\/product"}],"about":[{"href":"https:\/\/triangle.cat\/es\/wp-json\/wp\/v2\/types\/product"}],"replies":[{"embeddable":true,"href":"https:\/\/triangle.cat\/es\/wp-json\/wp\/v2\/comments?post=35516"}],"wp:featuredmedia":[{"embeddable":true,"href":"https:\/\/triangle.cat\/es\/wp-json\/wp\/v2\/media\/35473"}],"wp:attachment":[{"href":"https:\/\/triangle.cat\/es\/wp-json\/wp\/v2\/media?parent=35516"}],"wp:term":[{"taxonomy":"product_brand","embeddable":true,"href":"https:\/\/triangle.cat\/es\/wp-json\/wp\/v2\/product_brand?post=35516"},{"taxonomy":"product_cat","embeddable":true,"href":"https:\/\/triangle.cat\/es\/wp-json\/wp\/v2\/product_cat?post=35516"},{"taxonomy":"product_tag","embeddable":true,"href":"https:\/\/triangle.cat\/es\/wp-json\/wp\/v2\/product_tag?post=35516"}],"curies":[{"name":"wp","href":"https:\/\/api.w.org\/{rel}","templated":true}]}}