
{"id":35515,"date":"2021-03-06T00:00:00","date_gmt":"2022-03-05T22:00:00","guid":{"rendered":"https:\/\/triangle.cat\/producto\/sketchguides-islandia-cuaderno-de-viaje\/"},"modified":"2023-11-21T22:03:51","modified_gmt":"2023-11-21T20:03:51","slug":"sketchguides-islandia-cuaderno-de-viaje","status":"publish","type":"product","link":"https:\/\/triangle.cat\/es\/producto\/sketchguides-islandia-cuaderno-de-viaje\/","title":{"rendered":"Islandia Cuaderno de viaje"},"content":{"rendered":"","protected":false},"excerpt":{"rendered":"<p>Cuaderno y acuarelas en mano, Ramon Valverde nos muestra sus viajes a Islandia, una isla al borde del mundo y al borde de lo habitable. A trav\u00e9s de sus dibujos descubrimos un pa\u00eds extraordinario, donde la naturaleza est\u00e1 viva y modifica constantemente su paisaje. Paisajes sin \u00e1rboles para quedarnos en silencio y disfrutar de los miles de p\u00e1jaros que nos acompa\u00f1an continuamente. Volcanes en erupci\u00f3n, fallas que recorren la isla de este a oeste, glaciares inmensos, fiordos profundos e islas que surgen de la nada en medio del oc\u00e9ano.<\/br> <\/br>ISBN: 978-84-8478-886-7 &#8211; SGI-2<\/p>\n","protected":false},"featured_media":35468,"comment_status":"closed","ping_status":"closed","template":"","meta":{"_acf_changed":false,"_monsterinsights_skip_tracking":false,"_monsterinsights_sitenote_active":false,"_monsterinsights_sitenote_note":"","_monsterinsights_sitenote_category":0},"product_brand":[],"product_cat":[1525],"product_tag":[],"class_list":{"0":"post-35515","1":"product","2":"type-product","3":"status-publish","4":"has-post-thumbnail","6":"product_cat-sketchguides-es","7":"pa_idioma-multilingue-espanol-english-francais-es","9":"first","10":"instock","11":"purchasable","12":"product-type-variable"},"acf":[],"_links":{"self":[{"href":"https:\/\/triangle.cat\/es\/wp-json\/wp\/v2\/product\/35515","targetHints":{"allow":["GET"]}}],"collection":[{"href":"https:\/\/triangle.cat\/es\/wp-json\/wp\/v2\/product"}],"about":[{"href":"https:\/\/triangle.cat\/es\/wp-json\/wp\/v2\/types\/product"}],"replies":[{"embeddable":true,"href":"https:\/\/triangle.cat\/es\/wp-json\/wp\/v2\/comments?post=35515"}],"wp:featuredmedia":[{"embeddable":true,"href":"https:\/\/triangle.cat\/es\/wp-json\/wp\/v2\/media\/35468"}],"wp:attachment":[{"href":"https:\/\/triangle.cat\/es\/wp-json\/wp\/v2\/media?parent=35515"}],"wp:term":[{"taxonomy":"product_brand","embeddable":true,"href":"https:\/\/triangle.cat\/es\/wp-json\/wp\/v2\/product_brand?post=35515"},{"taxonomy":"product_cat","embeddable":true,"href":"https:\/\/triangle.cat\/es\/wp-json\/wp\/v2\/product_cat?post=35515"},{"taxonomy":"product_tag","embeddable":true,"href":"https:\/\/triangle.cat\/es\/wp-json\/wp\/v2\/product_tag?post=35515"}],"curies":[{"name":"wp","href":"https:\/\/api.w.org\/{rel}","templated":true}]}}