
{"id":35514,"date":"2017-03-06T00:00:00","date_gmt":"2022-03-05T22:00:00","guid":{"rendered":"https:\/\/triangle.cat\/producto\/sketchguides-barcelona-travel-notebook\/"},"modified":"2025-07-15T10:03:57","modified_gmt":"2025-07-15T08:03:57","slug":"sketchguides-barcelona-travel-notebook","status":"publish","type":"product","link":"https:\/\/triangle.cat\/es\/producto\/sketchguides-barcelona-travel-notebook\/","title":{"rendered":"Barcelona Travel Notebook"},"content":{"rendered":"","protected":false},"excerpt":{"rendered":"<p>Durante algunos a\u00f1os, y para complementar mi aprendizaje, estuve dibujando cuadernos a modo de pasatiempo. Empec\u00e9 dibujando arquitectura porque no se me daba muy bien. M\u00e1s tarde, empec\u00e9 a dibujar personas porque tampoco era h\u00e1bil en eso. Poco a poco, empec\u00e9 a dibujar momentos porque capturar el tiempo me parec\u00eda lo m\u00e1s importante. Esta es quiz\u00e1s la raz\u00f3n por la que me concentro en la luz, porque es el aspecto m\u00e1s ef\u00edmero de los lugares que ilustramos.<\/p>\n","protected":false},"featured_media":35463,"comment_status":"closed","ping_status":"closed","template":"","meta":{"_acf_changed":false,"_monsterinsights_skip_tracking":false,"_monsterinsights_sitenote_active":false,"_monsterinsights_sitenote_note":"","_monsterinsights_sitenote_category":0},"product_brand":[],"product_cat":[1501,1525],"product_tag":[],"class_list":{"0":"post-35514","1":"product","2":"type-product","3":"status-publish","4":"has-post-thumbnail","6":"product_cat-barcelona-es","7":"product_cat-sketchguides-es","8":"pa_idioma-multilingue-espanol-english-francais-es","10":"first","11":"instock","12":"purchasable","13":"product-type-variable"},"acf":[],"_links":{"self":[{"href":"https:\/\/triangle.cat\/es\/wp-json\/wp\/v2\/product\/35514","targetHints":{"allow":["GET"]}}],"collection":[{"href":"https:\/\/triangle.cat\/es\/wp-json\/wp\/v2\/product"}],"about":[{"href":"https:\/\/triangle.cat\/es\/wp-json\/wp\/v2\/types\/product"}],"replies":[{"embeddable":true,"href":"https:\/\/triangle.cat\/es\/wp-json\/wp\/v2\/comments?post=35514"}],"wp:featuredmedia":[{"embeddable":true,"href":"https:\/\/triangle.cat\/es\/wp-json\/wp\/v2\/media\/35463"}],"wp:attachment":[{"href":"https:\/\/triangle.cat\/es\/wp-json\/wp\/v2\/media?parent=35514"}],"wp:term":[{"taxonomy":"product_brand","embeddable":true,"href":"https:\/\/triangle.cat\/es\/wp-json\/wp\/v2\/product_brand?post=35514"},{"taxonomy":"product_cat","embeddable":true,"href":"https:\/\/triangle.cat\/es\/wp-json\/wp\/v2\/product_cat?post=35514"},{"taxonomy":"product_tag","embeddable":true,"href":"https:\/\/triangle.cat\/es\/wp-json\/wp\/v2\/product_tag?post=35514"}],"curies":[{"name":"wp","href":"https:\/\/api.w.org\/{rel}","templated":true}]}}