
{"id":35513,"date":"2021-03-06T00:00:00","date_gmt":"2022-03-05T22:00:00","guid":{"rendered":"https:\/\/triangle.cat\/producto\/sketchguides-modernisme-beyond-gaudi\/"},"modified":"2025-07-15T11:04:22","modified_gmt":"2025-07-15T09:04:22","slug":"sketchguides-modernisme-beyond-gaudi","status":"publish","type":"product","link":"https:\/\/triangle.cat\/es\/producto\/sketchguides-modernisme-beyond-gaudi\/","title":{"rendered":"Modernisme Beyond Gaud\u00ed"},"content":{"rendered":"","protected":false},"excerpt":{"rendered":"<p>Lapin es un ilustrador franc\u00e9s que vive en Barcelona. Comenz\u00f3 a dibujar arquitectura cuando lleg\u00f3 a Barcelona en 2007 motivado por el atractivo de la ciudad y la variedad de sus formas y colores. Primero le declar\u00f3 su amor con la publicaci\u00f3n del libro Barcelona m\u2019inspira, una recopilaci\u00f3n de descubrimientos, retratos, viejas tiendas y horizontes, y ahora quiere elogiar su estilo favorito al dedicar este libro al Modernismo en Barcelona, m\u00e1s all\u00e1 de los edificios ya conocidos de Gaud\u00ed. Y te invita a visitar el Palau de la M\u00fasica, el Parc de la Ciutadella o el Hospital de Sant Pau &#8230; \u00a1Disfruta de la visita!<\/p>\n","protected":false},"featured_media":35458,"comment_status":"closed","ping_status":"closed","template":"","meta":{"_acf_changed":false,"_monsterinsights_skip_tracking":false,"_monsterinsights_sitenote_active":false,"_monsterinsights_sitenote_note":"","_monsterinsights_sitenote_category":0},"product_brand":[],"product_cat":[1497,1501,1525],"product_tag":[],"class_list":{"0":"post-35513","1":"product","2":"type-product","3":"status-publish","4":"has-post-thumbnail","6":"product_cat-arte-y-arquitectura","7":"product_cat-barcelona-es","8":"product_cat-sketchguides-es","9":"pa_idioma-multilingue-espanol-english-francais-es","11":"first","12":"instock","13":"purchasable","14":"product-type-variable"},"acf":[],"_links":{"self":[{"href":"https:\/\/triangle.cat\/es\/wp-json\/wp\/v2\/product\/35513","targetHints":{"allow":["GET"]}}],"collection":[{"href":"https:\/\/triangle.cat\/es\/wp-json\/wp\/v2\/product"}],"about":[{"href":"https:\/\/triangle.cat\/es\/wp-json\/wp\/v2\/types\/product"}],"replies":[{"embeddable":true,"href":"https:\/\/triangle.cat\/es\/wp-json\/wp\/v2\/comments?post=35513"}],"wp:featuredmedia":[{"embeddable":true,"href":"https:\/\/triangle.cat\/es\/wp-json\/wp\/v2\/media\/35458"}],"wp:attachment":[{"href":"https:\/\/triangle.cat\/es\/wp-json\/wp\/v2\/media?parent=35513"}],"wp:term":[{"taxonomy":"product_brand","embeddable":true,"href":"https:\/\/triangle.cat\/es\/wp-json\/wp\/v2\/product_brand?post=35513"},{"taxonomy":"product_cat","embeddable":true,"href":"https:\/\/triangle.cat\/es\/wp-json\/wp\/v2\/product_cat?post=35513"},{"taxonomy":"product_tag","embeddable":true,"href":"https:\/\/triangle.cat\/es\/wp-json\/wp\/v2\/product_tag?post=35513"}],"curies":[{"name":"wp","href":"https:\/\/api.w.org\/{rel}","templated":true}]}}