
{"id":35512,"date":"2021-03-06T00:00:00","date_gmt":"2022-03-05T22:00:00","guid":{"rendered":"https:\/\/triangle.cat\/producto\/sketchguides-catalan-cuisine\/"},"modified":"2023-11-21T22:03:37","modified_gmt":"2023-11-21T20:03:37","slug":"sketchguides-catalan-cuisine","status":"publish","type":"product","link":"https:\/\/triangle.cat\/es\/producto\/sketchguides-catalan-cuisine\/","title":{"rendered":"Catalan cuisine"},"content":{"rendered":"","protected":false},"excerpt":{"rendered":"<p>Juliet Pom\u00e9s Leiz es originaria de Barcelona y su vida gira alrededor de la mesa. Este es el lugar de sus actividades favoritas: dibujar, crear y disfrutar de comidas y bebidas en buena compa\u00f1\u00eda. No es de extra\u00f1ar que cuando Zahor\u00ed le propuso ilustrar este libro de cocina del Institut Catal\u00e0 de la Cuina, no lo dudara ni un momento. Estaba encantada de volver a visitar olores familiares como los de los pimientos y las berenjenas a la brasa, una combinaci\u00f3n cl\u00e1sica en la cocina catalana y un sabor que la transporta a lo mejor de las comidas familiares de su infancia.<\/br> <\/br>ISBN: 978-84-8478-883-6 &#8211; SGCC-2<\/p>\n","protected":false},"featured_media":35453,"comment_status":"closed","ping_status":"closed","template":"","meta":{"_acf_changed":false,"_monsterinsights_skip_tracking":false,"_monsterinsights_sitenote_active":false,"_monsterinsights_sitenote_note":"","_monsterinsights_sitenote_category":0},"product_brand":[],"product_cat":[1503,1525],"product_tag":[],"class_list":{"0":"post-35512","1":"product","2":"type-product","3":"status-publish","4":"has-post-thumbnail","6":"product_cat-cataluna","7":"product_cat-sketchguides-es","8":"pa_idioma-multilingue-espanol-english-francais-es","10":"first","11":"instock","12":"purchasable","13":"product-type-variable"},"acf":[],"_links":{"self":[{"href":"https:\/\/triangle.cat\/es\/wp-json\/wp\/v2\/product\/35512","targetHints":{"allow":["GET"]}}],"collection":[{"href":"https:\/\/triangle.cat\/es\/wp-json\/wp\/v2\/product"}],"about":[{"href":"https:\/\/triangle.cat\/es\/wp-json\/wp\/v2\/types\/product"}],"replies":[{"embeddable":true,"href":"https:\/\/triangle.cat\/es\/wp-json\/wp\/v2\/comments?post=35512"}],"wp:featuredmedia":[{"embeddable":true,"href":"https:\/\/triangle.cat\/es\/wp-json\/wp\/v2\/media\/35453"}],"wp:attachment":[{"href":"https:\/\/triangle.cat\/es\/wp-json\/wp\/v2\/media?parent=35512"}],"wp:term":[{"taxonomy":"product_brand","embeddable":true,"href":"https:\/\/triangle.cat\/es\/wp-json\/wp\/v2\/product_brand?post=35512"},{"taxonomy":"product_cat","embeddable":true,"href":"https:\/\/triangle.cat\/es\/wp-json\/wp\/v2\/product_cat?post=35512"},{"taxonomy":"product_tag","embeddable":true,"href":"https:\/\/triangle.cat\/es\/wp-json\/wp\/v2\/product_tag?post=35512"}],"curies":[{"name":"wp","href":"https:\/\/api.w.org\/{rel}","templated":true}]}}