
{"id":35511,"date":"2021-03-06T00:00:00","date_gmt":"2022-03-05T22:00:00","guid":{"rendered":"https:\/\/triangle.cat\/producto\/sketchguides-drawing-around-sagrada-familia-2\/"},"modified":"2025-07-15T10:35:04","modified_gmt":"2025-07-15T08:35:04","slug":"sketchguides-drawing-around-sagrada-familia","status":"publish","type":"product","link":"https:\/\/triangle.cat\/es\/producto\/sketchguides-drawing-around-sagrada-familia\/","title":{"rendered":"Drawing around Sagrada Fam\u00edlia"},"content":{"rendered":"","protected":false},"excerpt":{"rendered":"<p>Nina Johansson es una profesora sueca de artes visuales, ilustradora y entusiasta dibujante, que vive en Estocolmo. Se la encuentra a menudo en alg\u00fan rinc\u00f3n de la ciudad, sentada en una silla plegable, dibujando alguna esquina de la calle en un cuaderno. Adem\u00e1s de ser su pasatiempo favorito, ve el dibujo como una forma divertida de explorar el mundo con el que crear una comprensi\u00f3n m\u00e1s profunda de lo que nos rodea. ISBN: 978-84-8478-882-9 &#8211; SGSF-2<\/p>\n","protected":false},"featured_media":35448,"comment_status":"closed","ping_status":"closed","template":"","meta":{"_acf_changed":false,"_monsterinsights_skip_tracking":false,"_monsterinsights_sitenote_active":false,"_monsterinsights_sitenote_note":"","_monsterinsights_sitenote_category":0},"product_brand":[],"product_cat":[1501,1525],"product_tag":[],"class_list":{"0":"post-35511","1":"product","2":"type-product","3":"status-publish","4":"has-post-thumbnail","6":"product_cat-barcelona-es","7":"product_cat-sketchguides-es","8":"pa_idioma-multilingue-espanol-english-francais-es","10":"first","11":"instock","12":"purchasable","13":"product-type-variable"},"acf":[],"_links":{"self":[{"href":"https:\/\/triangle.cat\/es\/wp-json\/wp\/v2\/product\/35511","targetHints":{"allow":["GET"]}}],"collection":[{"href":"https:\/\/triangle.cat\/es\/wp-json\/wp\/v2\/product"}],"about":[{"href":"https:\/\/triangle.cat\/es\/wp-json\/wp\/v2\/types\/product"}],"replies":[{"embeddable":true,"href":"https:\/\/triangle.cat\/es\/wp-json\/wp\/v2\/comments?post=35511"}],"wp:featuredmedia":[{"embeddable":true,"href":"https:\/\/triangle.cat\/es\/wp-json\/wp\/v2\/media\/35448"}],"wp:attachment":[{"href":"https:\/\/triangle.cat\/es\/wp-json\/wp\/v2\/media?parent=35511"}],"wp:term":[{"taxonomy":"product_brand","embeddable":true,"href":"https:\/\/triangle.cat\/es\/wp-json\/wp\/v2\/product_brand?post=35511"},{"taxonomy":"product_cat","embeddable":true,"href":"https:\/\/triangle.cat\/es\/wp-json\/wp\/v2\/product_cat?post=35511"},{"taxonomy":"product_tag","embeddable":true,"href":"https:\/\/triangle.cat\/es\/wp-json\/wp\/v2\/product_tag?post=35511"}],"curies":[{"name":"wp","href":"https:\/\/api.w.org\/{rel}","templated":true}]}}