
{"id":34914,"date":"2021-11-03T00:00:00","date_gmt":"2021-12-31T22:00:00","guid":{"rendered":"https:\/\/triangle.cat\/producto\/mallorca-13\/"},"modified":"2023-11-09T15:31:18","modified_gmt":"2023-11-09T13:31:18","slug":"calendario-2024-mallorca-5","status":"publish","type":"product","link":"https:\/\/triangle.cat\/es\/producto\/calendario-2024-mallorca-5\/","title":{"rendered":"Calendario 2024 Mallorca"},"content":{"rendered":"","protected":false},"excerpt":{"rendered":"<p>Sum\u00e9rgete en una de las joyas del Mediterr\u00e1neo y descubre las playas, los pueblos y la cultura mallorquina a trav\u00e9s de estas doce espectaculares im\u00e1genes.<\/br> <\/br>EAN: 842-44-5524-089-7 &#8211; S24MA1<\/p>\n","protected":false},"featured_media":34760,"comment_status":"closed","ping_status":"closed","template":"","meta":{"_acf_changed":false,"_monsterinsights_skip_tracking":false,"_monsterinsights_sitenote_active":false,"_monsterinsights_sitenote_note":"","_monsterinsights_sitenote_category":0},"product_brand":[],"product_cat":[15],"product_tag":[],"class_list":{"0":"post-34914","1":"product","2":"type-product","3":"status-publish","4":"has-post-thumbnail","6":"product_cat-sin-categorizar","8":"first","9":"outofstock","10":"purchasable","11":"product-type-simple"},"acf":[],"_links":{"self":[{"href":"https:\/\/triangle.cat\/es\/wp-json\/wp\/v2\/product\/34914","targetHints":{"allow":["GET"]}}],"collection":[{"href":"https:\/\/triangle.cat\/es\/wp-json\/wp\/v2\/product"}],"about":[{"href":"https:\/\/triangle.cat\/es\/wp-json\/wp\/v2\/types\/product"}],"replies":[{"embeddable":true,"href":"https:\/\/triangle.cat\/es\/wp-json\/wp\/v2\/comments?post=34914"}],"wp:featuredmedia":[{"embeddable":true,"href":"https:\/\/triangle.cat\/es\/wp-json\/wp\/v2\/media\/34760"}],"wp:attachment":[{"href":"https:\/\/triangle.cat\/es\/wp-json\/wp\/v2\/media?parent=34914"}],"wp:term":[{"taxonomy":"product_brand","embeddable":true,"href":"https:\/\/triangle.cat\/es\/wp-json\/wp\/v2\/product_brand?post=34914"},{"taxonomy":"product_cat","embeddable":true,"href":"https:\/\/triangle.cat\/es\/wp-json\/wp\/v2\/product_cat?post=34914"},{"taxonomy":"product_tag","embeddable":true,"href":"https:\/\/triangle.cat\/es\/wp-json\/wp\/v2\/product_tag?post=34914"}],"curies":[{"name":"wp","href":"https:\/\/api.w.org\/{rel}","templated":true}]}}