
{"id":34899,"date":"2021-11-03T00:00:00","date_gmt":"2021-12-31T22:00:00","guid":{"rendered":"https:\/\/triangle.cat\/producto\/basilica-de-la-sagrada-familia-vitrales\/"},"modified":"2023-11-09T15:31:23","modified_gmt":"2023-11-09T13:31:23","slug":"calendario-2024-basilica-de-la-sagrada-familia-vitrales","status":"publish","type":"product","link":"https:\/\/triangle.cat\/es\/producto\/calendario-2024-basilica-de-la-sagrada-familia-vitrales\/","title":{"rendered":"Calendario 2024 Bas\u00edlica de la Sagrada Fam\u00edlia (Vitrales)"},"content":{"rendered":"","protected":false},"excerpt":{"rendered":"<p>Descubre los vitrales, que hacen de la Sagrada Familia, un lugar d\u00f3nde la luz se transforma en arte. Los cambios de color que inundan el interior del templo y que modifican la percepci\u00f3n del espacio, har\u00e1n que te sumerjas en la magia creativa de Antoni Gaud\u00ed.<\/br> <\/br>EAN: 842-44-5524-072-9 &#8211; 24SF2<\/p>\n","protected":false},"featured_media":34621,"comment_status":"closed","ping_status":"closed","template":"","meta":{"_acf_changed":false,"_monsterinsights_skip_tracking":false,"_monsterinsights_sitenote_active":false,"_monsterinsights_sitenote_note":"","_monsterinsights_sitenote_category":0},"product_brand":[],"product_cat":[15],"product_tag":[],"class_list":{"0":"post-34899","1":"product","2":"type-product","3":"status-publish","4":"has-post-thumbnail","6":"product_cat-sin-categorizar","8":"first","9":"outofstock","10":"purchasable","11":"product-type-simple"},"acf":[],"_links":{"self":[{"href":"https:\/\/triangle.cat\/es\/wp-json\/wp\/v2\/product\/34899","targetHints":{"allow":["GET"]}}],"collection":[{"href":"https:\/\/triangle.cat\/es\/wp-json\/wp\/v2\/product"}],"about":[{"href":"https:\/\/triangle.cat\/es\/wp-json\/wp\/v2\/types\/product"}],"replies":[{"embeddable":true,"href":"https:\/\/triangle.cat\/es\/wp-json\/wp\/v2\/comments?post=34899"}],"wp:featuredmedia":[{"embeddable":true,"href":"https:\/\/triangle.cat\/es\/wp-json\/wp\/v2\/media\/34621"}],"wp:attachment":[{"href":"https:\/\/triangle.cat\/es\/wp-json\/wp\/v2\/media?parent=34899"}],"wp:term":[{"taxonomy":"product_brand","embeddable":true,"href":"https:\/\/triangle.cat\/es\/wp-json\/wp\/v2\/product_brand?post=34899"},{"taxonomy":"product_cat","embeddable":true,"href":"https:\/\/triangle.cat\/es\/wp-json\/wp\/v2\/product_cat?post=34899"},{"taxonomy":"product_tag","embeddable":true,"href":"https:\/\/triangle.cat\/es\/wp-json\/wp\/v2\/product_tag?post=34899"}],"curies":[{"name":"wp","href":"https:\/\/api.w.org\/{rel}","templated":true}]}}