
{"id":34898,"date":"2021-11-03T00:00:00","date_gmt":"2021-12-31T22:00:00","guid":{"rendered":"https:\/\/triangle.cat\/producto\/basilica-de-la-sagrada-familia-4\/"},"modified":"2024-02-15T16:43:42","modified_gmt":"2024-02-15T14:43:42","slug":"calendario-2024-basilica-de-la-sagrada-familia-3","status":"publish","type":"product","link":"https:\/\/triangle.cat\/es\/producto\/calendario-2024-basilica-de-la-sagrada-familia-3\/","title":{"rendered":"Calendario 2024 Bas\u00edlica de la Sagrada Fam\u00edlia"},"content":{"rendered":"","protected":false},"excerpt":{"rendered":"<p>Formas sinuosas, fascinantes juegos de luz, innovadoras soluciones arquitect\u00f3nicas. Todo esto y mucho m\u00e1s es la Sagrada Familia de Antoni Gaud\u00ed, su obra cumbre y un lugar donde su creatividad se expresa en toda su extensi\u00f3n. 12 im\u00e1genes que te transportar\u00e1n al universo m\u00e1gico de este genio universal.<\/br> <\/br>EAN: 842-44-5524-071-2 &#8211; 24SF1<\/p>\n","protected":false},"featured_media":34608,"comment_status":"closed","ping_status":"open","template":"","meta":{"_acf_changed":false,"_monsterinsights_skip_tracking":false,"_monsterinsights_sitenote_active":false,"_monsterinsights_sitenote_note":"","_monsterinsights_sitenote_category":0},"product_brand":[],"product_cat":[15],"product_tag":[],"class_list":{"0":"post-34898","1":"product","2":"type-product","3":"status-publish","4":"has-post-thumbnail","6":"product_cat-sin-categorizar","8":"first","9":"outofstock","10":"purchasable","11":"product-type-simple"},"acf":[],"_links":{"self":[{"href":"https:\/\/triangle.cat\/es\/wp-json\/wp\/v2\/product\/34898","targetHints":{"allow":["GET"]}}],"collection":[{"href":"https:\/\/triangle.cat\/es\/wp-json\/wp\/v2\/product"}],"about":[{"href":"https:\/\/triangle.cat\/es\/wp-json\/wp\/v2\/types\/product"}],"replies":[{"embeddable":true,"href":"https:\/\/triangle.cat\/es\/wp-json\/wp\/v2\/comments?post=34898"}],"wp:featuredmedia":[{"embeddable":true,"href":"https:\/\/triangle.cat\/es\/wp-json\/wp\/v2\/media\/34608"}],"wp:attachment":[{"href":"https:\/\/triangle.cat\/es\/wp-json\/wp\/v2\/media?parent=34898"}],"wp:term":[{"taxonomy":"product_brand","embeddable":true,"href":"https:\/\/triangle.cat\/es\/wp-json\/wp\/v2\/product_brand?post=34898"},{"taxonomy":"product_cat","embeddable":true,"href":"https:\/\/triangle.cat\/es\/wp-json\/wp\/v2\/product_cat?post=34898"},{"taxonomy":"product_tag","embeddable":true,"href":"https:\/\/triangle.cat\/es\/wp-json\/wp\/v2\/product_tag?post=34898"}],"curies":[{"name":"wp","href":"https:\/\/api.w.org\/{rel}","templated":true}]}}