
{"id":34893,"date":"2021-11-03T00:00:00","date_gmt":"2021-12-31T22:00:00","guid":{"rendered":"https:\/\/triangle.cat\/producto\/mallorca-12\/"},"modified":"2023-11-09T15:34:18","modified_gmt":"2023-11-09T13:34:18","slug":"calendario-2024-mallorca-4","status":"publish","type":"product","link":"https:\/\/triangle.cat\/es\/producto\/calendario-2024-mallorca-4\/","title":{"rendered":"Calendario 2024 Mallorca"},"content":{"rendered":"","protected":false},"excerpt":{"rendered":"<p>Todo el encanto de Mallorca en esta selecci\u00f3n de im\u00e1genes con las que queremos descubrirte algunos de sus m\u00e1s bellos paisajes, sus pueblos y monumentos m\u00e1s conocidos y sus inigualables playas de aguas turquesa y arena blanca.<\/br> <\/br>EAN: 842-44-5524-066-8 &#8211; 24MA2<\/p>\n","protected":false},"featured_media":34551,"comment_status":"closed","ping_status":"closed","template":"","meta":{"_acf_changed":false,"_monsterinsights_skip_tracking":false,"_monsterinsights_sitenote_active":false,"_monsterinsights_sitenote_note":"","_monsterinsights_sitenote_category":0},"product_brand":[],"product_cat":[15],"product_tag":[],"class_list":{"0":"post-34893","1":"product","2":"type-product","3":"status-publish","4":"has-post-thumbnail","6":"product_cat-sin-categorizar","8":"first","9":"outofstock","10":"purchasable","11":"product-type-simple"},"acf":[],"_links":{"self":[{"href":"https:\/\/triangle.cat\/es\/wp-json\/wp\/v2\/product\/34893","targetHints":{"allow":["GET"]}}],"collection":[{"href":"https:\/\/triangle.cat\/es\/wp-json\/wp\/v2\/product"}],"about":[{"href":"https:\/\/triangle.cat\/es\/wp-json\/wp\/v2\/types\/product"}],"replies":[{"embeddable":true,"href":"https:\/\/triangle.cat\/es\/wp-json\/wp\/v2\/comments?post=34893"}],"wp:featuredmedia":[{"embeddable":true,"href":"https:\/\/triangle.cat\/es\/wp-json\/wp\/v2\/media\/34551"}],"wp:attachment":[{"href":"https:\/\/triangle.cat\/es\/wp-json\/wp\/v2\/media?parent=34893"}],"wp:term":[{"taxonomy":"product_brand","embeddable":true,"href":"https:\/\/triangle.cat\/es\/wp-json\/wp\/v2\/product_brand?post=34893"},{"taxonomy":"product_cat","embeddable":true,"href":"https:\/\/triangle.cat\/es\/wp-json\/wp\/v2\/product_cat?post=34893"},{"taxonomy":"product_tag","embeddable":true,"href":"https:\/\/triangle.cat\/es\/wp-json\/wp\/v2\/product_tag?post=34893"}],"curies":[{"name":"wp","href":"https:\/\/api.w.org\/{rel}","templated":true}]}}