
{"id":34860,"date":"2021-11-03T00:00:00","date_gmt":"2021-12-31T22:00:00","guid":{"rendered":"https:\/\/triangle.cat\/producto\/menorca-8\/"},"modified":"2023-11-09T15:34:17","modified_gmt":"2023-11-09T13:34:17","slug":"calendario-2024-menorca","status":"publish","type":"product","link":"https:\/\/triangle.cat\/es\/producto\/calendario-2024-menorca\/","title":{"rendered":"Calendario 2024 Menorca"},"content":{"rendered":"","protected":false},"excerpt":{"rendered":"<p>Playas paradisiacas, paisajes de postal, yacimientos prehist\u00f3ricos y fiestas d\u00f3nde bailan los caballos m\u00e1s hermosos del mundo. Esto y mucho m\u00e1s es Menorca, una isla d\u00f3nde siempre querr\u00e1s volver! Recuerda tus vacaciones o sue\u00f1a con las pr\u00f3ximas contemplando las 12 im\u00e1genes que hemos seleccionado para ti en este sugerente calendario.<\/br> <\/br>EAN: 842-44-5524-031-6 &#8211; 24MEG<\/p>\n","protected":false},"featured_media":34126,"comment_status":"closed","ping_status":"closed","template":"","meta":{"_acf_changed":false,"_monsterinsights_skip_tracking":false,"_monsterinsights_sitenote_active":false,"_monsterinsights_sitenote_note":"","_monsterinsights_sitenote_category":0},"product_brand":[],"product_cat":[15],"product_tag":[],"class_list":{"0":"post-34860","1":"product","2":"type-product","3":"status-publish","4":"has-post-thumbnail","6":"product_cat-sin-categorizar","8":"first","9":"outofstock","10":"purchasable","11":"product-type-simple"},"acf":[],"_links":{"self":[{"href":"https:\/\/triangle.cat\/es\/wp-json\/wp\/v2\/product\/34860","targetHints":{"allow":["GET"]}}],"collection":[{"href":"https:\/\/triangle.cat\/es\/wp-json\/wp\/v2\/product"}],"about":[{"href":"https:\/\/triangle.cat\/es\/wp-json\/wp\/v2\/types\/product"}],"replies":[{"embeddable":true,"href":"https:\/\/triangle.cat\/es\/wp-json\/wp\/v2\/comments?post=34860"}],"wp:featuredmedia":[{"embeddable":true,"href":"https:\/\/triangle.cat\/es\/wp-json\/wp\/v2\/media\/34126"}],"wp:attachment":[{"href":"https:\/\/triangle.cat\/es\/wp-json\/wp\/v2\/media?parent=34860"}],"wp:term":[{"taxonomy":"product_brand","embeddable":true,"href":"https:\/\/triangle.cat\/es\/wp-json\/wp\/v2\/product_brand?post=34860"},{"taxonomy":"product_cat","embeddable":true,"href":"https:\/\/triangle.cat\/es\/wp-json\/wp\/v2\/product_cat?post=34860"},{"taxonomy":"product_tag","embeddable":true,"href":"https:\/\/triangle.cat\/es\/wp-json\/wp\/v2\/product_tag?post=34860"}],"curies":[{"name":"wp","href":"https:\/\/api.w.org\/{rel}","templated":true}]}}