
{"id":34854,"date":"2021-11-03T00:00:00","date_gmt":"2021-12-31T22:00:00","guid":{"rendered":"https:\/\/triangle.cat\/producto\/gaudi-2-b-pedrera\/"},"modified":"2023-11-28T11:53:26","modified_gmt":"2023-11-28T09:53:26","slug":"calendario-2024-gaudi-2-b-pedrera","status":"publish","type":"product","link":"https:\/\/triangle.cat\/es\/producto\/calendario-2024-gaudi-2-b-pedrera\/","title":{"rendered":"Calendario 2024 Gaud\u00ed-2 B (Pedrera)"},"content":{"rendered":"","protected":false},"excerpt":{"rendered":"<p>In\u00edciate en la fascinante obra de Gaud\u00ed con estas 12 im\u00e1genes que te acercar\u00e1n a la magia de los dise\u00f1os del genial arquitecto catal\u00e1n.<\/br> <\/br>EAN: 842-44-5524-027-9 &#8211; 24GG2-B<\/p>\n","protected":false},"featured_media":34048,"comment_status":"closed","ping_status":"open","template":"","meta":{"_acf_changed":false,"_monsterinsights_skip_tracking":false,"_monsterinsights_sitenote_active":false,"_monsterinsights_sitenote_note":"","_monsterinsights_sitenote_category":0},"product_brand":[],"product_cat":[15],"product_tag":[],"class_list":{"0":"post-34854","1":"product","2":"type-product","3":"status-publish","4":"has-post-thumbnail","6":"product_cat-sin-categorizar","8":"first","9":"outofstock","10":"purchasable","11":"product-type-simple"},"acf":[],"_links":{"self":[{"href":"https:\/\/triangle.cat\/es\/wp-json\/wp\/v2\/product\/34854","targetHints":{"allow":["GET"]}}],"collection":[{"href":"https:\/\/triangle.cat\/es\/wp-json\/wp\/v2\/product"}],"about":[{"href":"https:\/\/triangle.cat\/es\/wp-json\/wp\/v2\/types\/product"}],"replies":[{"embeddable":true,"href":"https:\/\/triangle.cat\/es\/wp-json\/wp\/v2\/comments?post=34854"}],"wp:featuredmedia":[{"embeddable":true,"href":"https:\/\/triangle.cat\/es\/wp-json\/wp\/v2\/media\/34048"}],"wp:attachment":[{"href":"https:\/\/triangle.cat\/es\/wp-json\/wp\/v2\/media?parent=34854"}],"wp:term":[{"taxonomy":"product_brand","embeddable":true,"href":"https:\/\/triangle.cat\/es\/wp-json\/wp\/v2\/product_brand?post=34854"},{"taxonomy":"product_cat","embeddable":true,"href":"https:\/\/triangle.cat\/es\/wp-json\/wp\/v2\/product_cat?post=34854"},{"taxonomy":"product_tag","embeddable":true,"href":"https:\/\/triangle.cat\/es\/wp-json\/wp\/v2\/product_tag?post=34854"}],"curies":[{"name":"wp","href":"https:\/\/api.w.org\/{rel}","templated":true}]}}