
{"id":32837,"date":"2023-07-28T14:19:14","date_gmt":"2023-07-04T16:27:23","guid":{"rendered":"https:\/\/www.triangle.cat\/producto\/gaudi-8\/"},"modified":"2024-10-13T10:15:11","modified_gmt":"2024-10-13T08:15:11","slug":"gaudi-8","status":"publish","type":"product","link":"https:\/\/triangle.cat\/es\/producto\/gaudi-8\/","title":{"rendered":"Gaud\u00ed"},"content":{"rendered":"","protected":false},"excerpt":{"rendered":"<p>T\u00fa eliges el COLOR de los edificios de Gaud\u00ed. Un pack de postales para divertirte donde quiera que est\u00e9s, y enviar creaciones espectaculares a tus amigos y familiares. Todo lo puedes pintar: las torres de la Sagrada Familia, las chimeneas del Palau G\u00fcell, los balcones y la azotea de la Pedrera, la fachada de la Casa Vicens, el drag\u00f3n del Park G\u00fcell o el remate de la Casa Batll\u00f3. \u00a1Una fusi\u00f3n perfecta de creatividad, diversi\u00f3n y aprendizaje!<\/p>\n","protected":false},"featured_media":31711,"comment_status":"closed","ping_status":"closed","template":"","meta":{"_acf_changed":false,"_monsterinsights_skip_tracking":false,"_monsterinsights_sitenote_active":false,"_monsterinsights_sitenote_note":"","_monsterinsights_sitenote_category":0},"product_brand":[],"product_cat":[1564,1913],"product_tag":[],"class_list":{"0":"post-32837","1":"product","2":"type-product","3":"status-publish","4":"has-post-thumbnail","6":"product_cat-infantil-es","7":"product_cat-llibres-infantils-es","9":"first","10":"instock","11":"taxable","12":"shipping-taxable","13":"purchasable","14":"product-type-simple"},"acf":[],"_links":{"self":[{"href":"https:\/\/triangle.cat\/es\/wp-json\/wp\/v2\/product\/32837","targetHints":{"allow":["GET"]}}],"collection":[{"href":"https:\/\/triangle.cat\/es\/wp-json\/wp\/v2\/product"}],"about":[{"href":"https:\/\/triangle.cat\/es\/wp-json\/wp\/v2\/types\/product"}],"replies":[{"embeddable":true,"href":"https:\/\/triangle.cat\/es\/wp-json\/wp\/v2\/comments?post=32837"}],"wp:featuredmedia":[{"embeddable":true,"href":"https:\/\/triangle.cat\/es\/wp-json\/wp\/v2\/media\/31711"}],"wp:attachment":[{"href":"https:\/\/triangle.cat\/es\/wp-json\/wp\/v2\/media?parent=32837"}],"wp:term":[{"taxonomy":"product_brand","embeddable":true,"href":"https:\/\/triangle.cat\/es\/wp-json\/wp\/v2\/product_brand?post=32837"},{"taxonomy":"product_cat","embeddable":true,"href":"https:\/\/triangle.cat\/es\/wp-json\/wp\/v2\/product_cat?post=32837"},{"taxonomy":"product_tag","embeddable":true,"href":"https:\/\/triangle.cat\/es\/wp-json\/wp\/v2\/product_tag?post=32837"}],"curies":[{"name":"wp","href":"https:\/\/api.w.org\/{rel}","templated":true}]}}