
{"id":32836,"date":"2023-07-27T15:19:55","date_gmt":"2023-07-04T16:25:56","guid":{"rendered":"https:\/\/www.triangle.cat\/producto\/las-grandes-travesias-de-cataluna-vol-2\/"},"modified":"2023-08-04T18:32:53","modified_gmt":"2023-08-04T16:32:53","slug":"las-grandes-travesias-de-cataluna-vol-2","status":"publish","type":"product","link":"https:\/\/triangle.cat\/es\/producto\/las-grandes-travesias-de-cataluna-vol-2\/","title":{"rendered":"Las grandes Traves\u00edas de Catalu\u00f1a. Vol 2"},"content":{"rendered":"","protected":false},"excerpt":{"rendered":"<p>En el segundo volumen, toman protagonismo las rutas hist\u00f3ricas y, rememorando a los c\u00e1taros, atravesaremos Catalu\u00f1a y el Pirineo para adentrarnos en Occitania, visitaremos los tres grandes monasterios cistercienses de Catalu\u00f1a, y, ya encarados hacia el sur, recorreremos las monta\u00f1as de Prades, el Montsant y el macizo del Port. \u00a1Feliz traves\u00eda!<\/p>\n","protected":false},"featured_media":31691,"comment_status":"closed","ping_status":"closed","template":"","meta":{"_acf_changed":false,"_monsterinsights_skip_tracking":false,"_monsterinsights_sitenote_active":false,"_monsterinsights_sitenote_note":"","_monsterinsights_sitenote_category":0},"product_brand":[],"product_cat":[1503,1543,1521],"product_tag":[292],"class_list":{"0":"post-32836","1":"product","2":"type-product","3":"status-publish","4":"has-post-thumbnail","6":"product_cat-cataluna","7":"product_cat-cataluna-es","8":"product_cat-senderismo-y-ciclismo","9":"product_tag-catalan","10":"pa_idioma-catalan","12":"first","13":"instock","14":"taxable","15":"shipping-taxable","16":"purchasable","17":"product-type-simple"},"acf":[],"_links":{"self":[{"href":"https:\/\/triangle.cat\/es\/wp-json\/wp\/v2\/product\/32836","targetHints":{"allow":["GET"]}}],"collection":[{"href":"https:\/\/triangle.cat\/es\/wp-json\/wp\/v2\/product"}],"about":[{"href":"https:\/\/triangle.cat\/es\/wp-json\/wp\/v2\/types\/product"}],"replies":[{"embeddable":true,"href":"https:\/\/triangle.cat\/es\/wp-json\/wp\/v2\/comments?post=32836"}],"wp:featuredmedia":[{"embeddable":true,"href":"https:\/\/triangle.cat\/es\/wp-json\/wp\/v2\/media\/31691"}],"wp:attachment":[{"href":"https:\/\/triangle.cat\/es\/wp-json\/wp\/v2\/media?parent=32836"}],"wp:term":[{"taxonomy":"product_brand","embeddable":true,"href":"https:\/\/triangle.cat\/es\/wp-json\/wp\/v2\/product_brand?post=32836"},{"taxonomy":"product_cat","embeddable":true,"href":"https:\/\/triangle.cat\/es\/wp-json\/wp\/v2\/product_cat?post=32836"},{"taxonomy":"product_tag","embeddable":true,"href":"https:\/\/triangle.cat\/es\/wp-json\/wp\/v2\/product_tag?post=32836"}],"curies":[{"name":"wp","href":"https:\/\/api.w.org\/{rel}","templated":true}]}}