
{"id":32835,"date":"2023-07-27T15:18:49","date_gmt":"2023-07-04T16:24:34","guid":{"rendered":"https:\/\/www.triangle.cat\/producto\/las-grandes-travesias-de-cataluna-vol-1\/"},"modified":"2024-12-03T20:55:39","modified_gmt":"2024-12-03T18:55:39","slug":"las-grandes-travesias-de-cataluna-vol-1","status":"publish","type":"product","link":"https:\/\/triangle.cat\/es\/producto\/las-grandes-travesias-de-cataluna-vol-1\/","title":{"rendered":"Las grandes Traves\u00edas de Catalu\u00f1a. Vol 1"},"content":{"rendered":"","protected":false},"excerpt":{"rendered":"<p>El primer volumen est\u00e1 dedicado a la alta monta\u00f1a pirenaica: los itinerarios descritos discurren por el Parque Nacional de Aig\u00fcestortes y Sant Maurici, por la Val d\u2019Aran y l\u2019Arieja, por el Cad\u00ed-Moixer\u00f3, por el macizo del Pedraforca y por los caminos romeos del valle de N\u00faria. \u00a1Feliz traves\u00eda!<\/p>\n","protected":false},"featured_media":31687,"comment_status":"closed","ping_status":"closed","template":"","meta":{"_acf_changed":false,"_monsterinsights_skip_tracking":false,"_monsterinsights_sitenote_active":false,"_monsterinsights_sitenote_note":"","_monsterinsights_sitenote_category":0},"product_brand":[],"product_cat":[1503,1543,1521],"product_tag":[292],"class_list":{"0":"post-32835","1":"product","2":"type-product","3":"status-publish","4":"has-post-thumbnail","6":"product_cat-cataluna","7":"product_cat-cataluna-es","8":"product_cat-senderismo-y-ciclismo","9":"product_tag-catalan","10":"pa_idioma-catalan","12":"first","13":"instock","14":"taxable","15":"shipping-taxable","16":"purchasable","17":"product-type-simple"},"acf":[],"_links":{"self":[{"href":"https:\/\/triangle.cat\/es\/wp-json\/wp\/v2\/product\/32835","targetHints":{"allow":["GET"]}}],"collection":[{"href":"https:\/\/triangle.cat\/es\/wp-json\/wp\/v2\/product"}],"about":[{"href":"https:\/\/triangle.cat\/es\/wp-json\/wp\/v2\/types\/product"}],"replies":[{"embeddable":true,"href":"https:\/\/triangle.cat\/es\/wp-json\/wp\/v2\/comments?post=32835"}],"wp:featuredmedia":[{"embeddable":true,"href":"https:\/\/triangle.cat\/es\/wp-json\/wp\/v2\/media\/31687"}],"wp:attachment":[{"href":"https:\/\/triangle.cat\/es\/wp-json\/wp\/v2\/media?parent=32835"}],"wp:term":[{"taxonomy":"product_brand","embeddable":true,"href":"https:\/\/triangle.cat\/es\/wp-json\/wp\/v2\/product_brand?post=32835"},{"taxonomy":"product_cat","embeddable":true,"href":"https:\/\/triangle.cat\/es\/wp-json\/wp\/v2\/product_cat?post=32835"},{"taxonomy":"product_tag","embeddable":true,"href":"https:\/\/triangle.cat\/es\/wp-json\/wp\/v2\/product_tag?post=32835"}],"curies":[{"name":"wp","href":"https:\/\/api.w.org\/{rel}","templated":true}]}}