
{"id":32829,"date":"2023-07-28T19:05:33","date_gmt":"2023-08-04T16:22:41","guid":{"rendered":"https:\/\/www.triangle.cat\/producto\/los-colores-de-collioure\/"},"modified":"2025-02-06T13:32:07","modified_gmt":"2025-02-06T11:32:07","slug":"los-colores-de-collioure","status":"publish","type":"product","link":"https:\/\/triangle.cat\/es\/producto\/los-colores-de-collioure\/","title":{"rendered":"Los colores de Collioure"},"content":{"rendered":"","protected":false},"excerpt":{"rendered":"<p>La llegada del tren de Par\u00eds facilit\u00f3 que Henri Matisse alquilara en mayo de 1905 una habitaci\u00f3n con vistas al mar para pintar. Tambi\u00e9n arrastr\u00f3 a su amigo Andr\u00e9 Derain. Ambos terminaron aquel verano m\u00e1s de cuarenta telas al \u00f3leo con el paisaje, la luz y los colores en\u00e9rgicos de Colliure como motivo.<\/p>\n","protected":false},"featured_media":31675,"comment_status":"closed","ping_status":"closed","template":"","meta":{"_acf_changed":false,"_monsterinsights_skip_tracking":false,"_monsterinsights_sitenote_active":false,"_monsterinsights_sitenote_note":"","_monsterinsights_sitenote_category":0},"product_brand":[],"product_cat":[1503,1543,1561],"product_tag":[],"class_list":{"0":"post-32829","1":"product","2":"type-product","3":"status-publish","4":"has-post-thumbnail","6":"product_cat-cataluna","7":"product_cat-cataluna-es","8":"product_cat-girona-costa-brava-es","9":"pa_idioma-catalan","10":"pa_idioma-english-es","11":"pa_idioma-espanol-es-2","12":"pa_idioma-frances-es","14":"first","15":"instock","16":"taxable","17":"shipping-taxable","18":"purchasable","19":"product-type-variable"},"acf":[],"_links":{"self":[{"href":"https:\/\/triangle.cat\/es\/wp-json\/wp\/v2\/product\/32829","targetHints":{"allow":["GET"]}}],"collection":[{"href":"https:\/\/triangle.cat\/es\/wp-json\/wp\/v2\/product"}],"about":[{"href":"https:\/\/triangle.cat\/es\/wp-json\/wp\/v2\/types\/product"}],"replies":[{"embeddable":true,"href":"https:\/\/triangle.cat\/es\/wp-json\/wp\/v2\/comments?post=32829"}],"wp:featuredmedia":[{"embeddable":true,"href":"https:\/\/triangle.cat\/es\/wp-json\/wp\/v2\/media\/31675"}],"wp:attachment":[{"href":"https:\/\/triangle.cat\/es\/wp-json\/wp\/v2\/media?parent=32829"}],"wp:term":[{"taxonomy":"product_brand","embeddable":true,"href":"https:\/\/triangle.cat\/es\/wp-json\/wp\/v2\/product_brand?post=32829"},{"taxonomy":"product_cat","embeddable":true,"href":"https:\/\/triangle.cat\/es\/wp-json\/wp\/v2\/product_cat?post=32829"},{"taxonomy":"product_tag","embeddable":true,"href":"https:\/\/triangle.cat\/es\/wp-json\/wp\/v2\/product_tag?post=32829"}],"curies":[{"name":"wp","href":"https:\/\/api.w.org\/{rel}","templated":true}]}}