
{"id":32828,"date":"2023-07-28T14:11:26","date_gmt":"2023-07-04T16:21:37","guid":{"rendered":"https:\/\/www.triangle.cat\/producto\/pegatinas-para-todo-el-ano\/"},"modified":"2023-08-04T18:45:29","modified_gmt":"2023-08-04T16:45:29","slug":"pegatinas-para-todo-el-ano","status":"publish","type":"product","link":"https:\/\/triangle.cat\/es\/producto\/pegatinas-para-todo-el-ano\/","title":{"rendered":"\u00a1Pegatinas para todo el a\u00f1o!"},"content":{"rendered":"","protected":false},"excerpt":{"rendered":"<p>Cada d\u00eda es \u00fanico: personal\u00edzalo seg\u00fan el tiempo que ha hecho o c\u00f3mo te lo has pasado. Fija los cumplea\u00f1os de toda la familia y de tus amigos. Marca todas las fiestas, las celebraciones m\u00e1s destacadas, los viajes, las vacaciones, las actividades m\u00e1s esperadas e incluso las verduras de temporada que m\u00e1s te gustan. Haz un calendario de Adviento propio con 24 originales pegatinas. M\u00e1s de 200 adhesivos para que los m\u00e1s peque\u00f1os se\u00f1alen las fechas m\u00e1s especiales del a\u00f1o de forma original y divertida.<\/p>\n","protected":false},"featured_media":31715,"comment_status":"closed","ping_status":"closed","template":"","meta":{"_acf_changed":false,"_monsterinsights_skip_tracking":false,"_monsterinsights_sitenote_active":false,"_monsterinsights_sitenote_note":"","_monsterinsights_sitenote_category":0},"product_brand":[],"product_cat":[1564],"product_tag":[],"class_list":{"0":"post-32828","1":"product","2":"type-product","3":"status-publish","4":"has-post-thumbnail","6":"product_cat-infantil-es","8":"first","9":"instock","10":"taxable","11":"shipping-taxable","12":"purchasable","13":"product-type-simple"},"acf":[],"_links":{"self":[{"href":"https:\/\/triangle.cat\/es\/wp-json\/wp\/v2\/product\/32828","targetHints":{"allow":["GET"]}}],"collection":[{"href":"https:\/\/triangle.cat\/es\/wp-json\/wp\/v2\/product"}],"about":[{"href":"https:\/\/triangle.cat\/es\/wp-json\/wp\/v2\/types\/product"}],"replies":[{"embeddable":true,"href":"https:\/\/triangle.cat\/es\/wp-json\/wp\/v2\/comments?post=32828"}],"wp:featuredmedia":[{"embeddable":true,"href":"https:\/\/triangle.cat\/es\/wp-json\/wp\/v2\/media\/31715"}],"wp:attachment":[{"href":"https:\/\/triangle.cat\/es\/wp-json\/wp\/v2\/media?parent=32828"}],"wp:term":[{"taxonomy":"product_brand","embeddable":true,"href":"https:\/\/triangle.cat\/es\/wp-json\/wp\/v2\/product_brand?post=32828"},{"taxonomy":"product_cat","embeddable":true,"href":"https:\/\/triangle.cat\/es\/wp-json\/wp\/v2\/product_cat?post=32828"},{"taxonomy":"product_tag","embeddable":true,"href":"https:\/\/triangle.cat\/es\/wp-json\/wp\/v2\/product_tag?post=32828"}],"curies":[{"name":"wp","href":"https:\/\/api.w.org\/{rel}","templated":true}]}}