
{"id":32826,"date":"2023-07-28T19:04:41","date_gmt":"2023-08-04T16:20:43","guid":{"rendered":"https:\/\/www.triangle.cat\/producto\/otra-leyenda-de-sant-jordi\/"},"modified":"2024-09-19T11:03:36","modified_gmt":"2024-09-19T09:03:36","slug":"otra-leyenda-de-sant-jordi","status":"publish","type":"product","link":"https:\/\/triangle.cat\/es\/producto\/otra-leyenda-de-sant-jordi\/","title":{"rendered":"Otra leyenda de Sant Jordi"},"content":{"rendered":"","protected":false},"excerpt":{"rendered":"<p>El rey no tiene ninguna tarea. Para pasar el rato, anuncia que el drag\u00f3n maravilloso quiere comerse a su hija Marsenda y organiza una gran cacer\u00eda. Cuando la princesa se entera, decide frenar esa injusticia y se va a hablar con el animal. Una princesa valiente, un caballero con poca sed de batalla y un drag\u00f3n que les invita a comer. Hartos de obedecer a estereotipos, \u00bfpodr\u00e1n detener tama\u00f1o desprop\u00f3sito? Una leyenda actualizada que acerca a los j\u00f3venes lectores conceptos como la igualdad, la disidencia de los roles de g\u00e9nero, el ecologismo y el empoderamiento de la ciudadan\u00eda.<\/p>\n<p><img loading=\"lazy\" decoding=\"async\" class=\"alignnone  wp-image-41548\" src=\"https:\/\/triangle.cat\/wp-content\/uploads\/2024\/07\/IEC.png\" alt=\"\" width=\"245\" height=\"59\" srcset=\"https:\/\/triangle.cat\/wp-content\/uploads\/2024\/07\/IEC.png 524w, https:\/\/triangle.cat\/wp-content\/uploads\/2024\/07\/IEC-450x108.png 450w\" sizes=\"auto, (max-width: 245px) 100vw, 245px\" \/><\/p>\n","protected":false},"featured_media":31710,"comment_status":"closed","ping_status":"closed","template":"","meta":{"_acf_changed":false,"_monsterinsights_skip_tracking":false,"_monsterinsights_sitenote_active":false,"_monsterinsights_sitenote_note":"","_monsterinsights_sitenote_category":0},"product_brand":[],"product_cat":[1564,1567,1913],"product_tag":[292],"class_list":{"0":"post-32826","1":"product","2":"type-product","3":"status-publish","4":"has-post-thumbnail","6":"product_cat-infantil-es","7":"product_cat-libros-ilustrados","8":"product_cat-llibres-infantils-es","9":"product_tag-catalan","10":"pa_idioma-catalan","12":"first","13":"instock","14":"taxable","15":"shipping-taxable","16":"purchasable","17":"product-type-variable"},"acf":[],"_links":{"self":[{"href":"https:\/\/triangle.cat\/es\/wp-json\/wp\/v2\/product\/32826","targetHints":{"allow":["GET"]}}],"collection":[{"href":"https:\/\/triangle.cat\/es\/wp-json\/wp\/v2\/product"}],"about":[{"href":"https:\/\/triangle.cat\/es\/wp-json\/wp\/v2\/types\/product"}],"replies":[{"embeddable":true,"href":"https:\/\/triangle.cat\/es\/wp-json\/wp\/v2\/comments?post=32826"}],"wp:featuredmedia":[{"embeddable":true,"href":"https:\/\/triangle.cat\/es\/wp-json\/wp\/v2\/media\/31710"}],"wp:attachment":[{"href":"https:\/\/triangle.cat\/es\/wp-json\/wp\/v2\/media?parent=32826"}],"wp:term":[{"taxonomy":"product_brand","embeddable":true,"href":"https:\/\/triangle.cat\/es\/wp-json\/wp\/v2\/product_brand?post=32826"},{"taxonomy":"product_cat","embeddable":true,"href":"https:\/\/triangle.cat\/es\/wp-json\/wp\/v2\/product_cat?post=32826"},{"taxonomy":"product_tag","embeddable":true,"href":"https:\/\/triangle.cat\/es\/wp-json\/wp\/v2\/product_tag?post=32826"}],"curies":[{"name":"wp","href":"https:\/\/api.w.org\/{rel}","templated":true}]}}