
{"id":32823,"date":"2023-07-04T18:20:14","date_gmt":"2023-07-04T16:20:14","guid":{"rendered":"https:\/\/www.triangle.cat\/producto\/pirineos-en-familia-2\/"},"modified":"2025-01-20T17:16:51","modified_gmt":"2025-01-20T15:16:51","slug":"pirineos-en-familia-2","status":"publish","type":"product","link":"https:\/\/triangle.cat\/es\/producto\/pirineos-en-familia-2\/","title":{"rendered":"Pirineos en familia"},"content":{"rendered":"","protected":false},"excerpt":{"rendered":"<p>Un libro pensado para vosotros, ni\u00f1os y j\u00f3venes de 5 a 15 a\u00f1os. Y para vuestras familias, claro. Carles Gel, experimentado gu\u00eda de monta\u00f1a y autor de numerosas gu\u00edas sobre los Pirineos, os propone 50 excursiones a los picos y paisajes m\u00e1s emblem\u00e1ticos de los Pirineos por caminos y senderos que os llevar\u00e1n hasta lugares que nunca olvidar\u00e9is: valles paradis\u00edacos, cimas esbeltas, lagos fant\u00e1sticos&#8230; En este primer volumen, encontrar\u00e9is 50 ascensiones y excursiones por los Pirineos situados m\u00e1s al oriente. 20 son para todas las edades; otras 25, a partir de 9 a\u00f1os; y 5 para mayores de 12 a\u00f1os. \u00a1Disfrutadlas!<\/p>\n","protected":false},"featured_media":30338,"comment_status":"closed","ping_status":"closed","template":"","meta":{"_acf_changed":false,"_monsterinsights_skip_tracking":false,"_monsterinsights_sitenote_active":false,"_monsterinsights_sitenote_note":"","_monsterinsights_sitenote_category":0},"product_brand":[],"product_cat":[1543,1503,1521],"product_tag":[],"class_list":{"0":"post-32823","1":"product","2":"type-product","3":"status-publish","4":"has-post-thumbnail","6":"product_cat-cataluna-es","7":"product_cat-cataluna","8":"product_cat-senderismo-y-ciclismo","9":"pa_idioma-catalan","10":"pa_idioma-espanol-es-2","12":"first","13":"instock","14":"sold-individually","15":"taxable","16":"shipping-taxable","17":"purchasable","18":"product-type-variable"},"acf":[],"_links":{"self":[{"href":"https:\/\/triangle.cat\/es\/wp-json\/wp\/v2\/product\/32823","targetHints":{"allow":["GET"]}}],"collection":[{"href":"https:\/\/triangle.cat\/es\/wp-json\/wp\/v2\/product"}],"about":[{"href":"https:\/\/triangle.cat\/es\/wp-json\/wp\/v2\/types\/product"}],"replies":[{"embeddable":true,"href":"https:\/\/triangle.cat\/es\/wp-json\/wp\/v2\/comments?post=32823"}],"wp:featuredmedia":[{"embeddable":true,"href":"https:\/\/triangle.cat\/es\/wp-json\/wp\/v2\/media\/30338"}],"wp:attachment":[{"href":"https:\/\/triangle.cat\/es\/wp-json\/wp\/v2\/media?parent=32823"}],"wp:term":[{"taxonomy":"product_brand","embeddable":true,"href":"https:\/\/triangle.cat\/es\/wp-json\/wp\/v2\/product_brand?post=32823"},{"taxonomy":"product_cat","embeddable":true,"href":"https:\/\/triangle.cat\/es\/wp-json\/wp\/v2\/product_cat?post=32823"},{"taxonomy":"product_tag","embeddable":true,"href":"https:\/\/triangle.cat\/es\/wp-json\/wp\/v2\/product_tag?post=32823"}],"curies":[{"name":"wp","href":"https:\/\/api.w.org\/{rel}","templated":true}]}}