
{"id":32416,"date":"2023-08-07T16:45:18","date_gmt":"2023-08-04T11:40:18","guid":{"rendered":"https:\/\/www.triangle.cat\/producto\/lluis-domenech-i-montaner\/"},"modified":"2024-11-15T13:45:56","modified_gmt":"2024-11-15T11:45:56","slug":"lluis-domenech-i-montaner","status":"publish","type":"product","link":"https:\/\/triangle.cat\/es\/producto\/lluis-domenech-i-montaner\/","title":{"rendered":"Llu\u00eds Dom\u00e8nech i Montaner"},"content":{"rendered":"","protected":false},"excerpt":{"rendered":"<p>[display_stock_alert_form]<\/p>\n<p>En el a\u00f1o del centenario de la muerte de Llu\u00eds Dom\u00e8nech i Montaner, Triangle Books ha reunido en un solo libro los mejores especialistas sobre Dom\u00e8nech en general y sobre sus edificios en particular para entender la polifac\u00e9tica personalidad e interpretar la obra de un arquitecto capital en la historia del arte europeo. El libro empieza con unos art\u00edculos introductorios que presentan el arquitecto en el contexto del Art Nouveau europeo y explican sus diferentes facetas: c\u00edvica, pol\u00edtica, acad\u00e9mica\u2026 y contin\u00faa con las monograf\u00edas de sus edificios, desde la Editorial Montaner i Simon (1979-1881) hasta la Casa Fuster (1908-1911) pasando, claro est\u00e1, por el Palau de la M\u00fasica o el Hospital de Sant Pau, ambos Patrimonio Mundial.<\/p>\n","protected":false},"featured_media":35342,"comment_status":"closed","ping_status":"closed","template":"","meta":{"_acf_changed":false,"_monsterinsights_skip_tracking":false,"_monsterinsights_sitenote_active":false,"_monsterinsights_sitenote_note":"","_monsterinsights_sitenote_category":0},"product_brand":[],"product_cat":[1537,1540,1543],"product_tag":[],"class_list":{"0":"post-32416","1":"product","2":"type-product","3":"status-publish","4":"has-post-thumbnail","6":"product_cat-arte-y-arquitectura-es","7":"product_cat-barcelona-es-2","8":"product_cat-cataluna-es","9":"pa_idioma-catalan","10":"pa_idioma-english-es","11":"pa_idioma-espanol-es-2","12":"pa_idioma-francais-es","14":"first","15":"instock","16":"taxable","17":"shipping-taxable","18":"purchasable","19":"product-type-variable"},"acf":[],"_links":{"self":[{"href":"https:\/\/triangle.cat\/es\/wp-json\/wp\/v2\/product\/32416","targetHints":{"allow":["GET"]}}],"collection":[{"href":"https:\/\/triangle.cat\/es\/wp-json\/wp\/v2\/product"}],"about":[{"href":"https:\/\/triangle.cat\/es\/wp-json\/wp\/v2\/types\/product"}],"replies":[{"embeddable":true,"href":"https:\/\/triangle.cat\/es\/wp-json\/wp\/v2\/comments?post=32416"}],"wp:featuredmedia":[{"embeddable":true,"href":"https:\/\/triangle.cat\/es\/wp-json\/wp\/v2\/media\/35342"}],"wp:attachment":[{"href":"https:\/\/triangle.cat\/es\/wp-json\/wp\/v2\/media?parent=32416"}],"wp:term":[{"taxonomy":"product_brand","embeddable":true,"href":"https:\/\/triangle.cat\/es\/wp-json\/wp\/v2\/product_brand?post=32416"},{"taxonomy":"product_cat","embeddable":true,"href":"https:\/\/triangle.cat\/es\/wp-json\/wp\/v2\/product_cat?post=32416"},{"taxonomy":"product_tag","embeddable":true,"href":"https:\/\/triangle.cat\/es\/wp-json\/wp\/v2\/product_tag?post=32416"}],"curies":[{"name":"wp","href":"https:\/\/api.w.org\/{rel}","templated":true}]}}