
{"id":29612,"date":"2023-02-14T08:18:23","date_gmt":"2023-02-14T11:32:47","guid":{"rendered":"https:\/\/www.triangleeditorial.com\/producto\/valencia-4\/"},"modified":"2025-11-23T22:54:04","modified_gmt":"2025-11-23T20:54:04","slug":"valencia-4","status":"publish","type":"product","link":"https:\/\/triangle.cat\/es\/producto\/valencia-4\/","title":{"rendered":"Valencia"},"content":{"rendered":"","protected":false},"excerpt":{"rendered":"<p>Extrovertida, luminosa y orientada hacia el mar, Valencia ha experimentado una transformaci\u00f3n urban\u00edstica importante en las \u00faltimas d\u00e9cadas. La arquitectura de vanguardia convive con un legado cultural y monumental de acentos barrocos, g\u00f3ticos y modernistas. Ciudad bulliciosa y alegre, durante sus fiestas colectivas en las calles se mezclan la m\u00fasica, el fuego, el ritual y la p\u00f3lvora.<\/p>\n","protected":false},"featured_media":5307,"comment_status":"closed","ping_status":"closed","template":"","meta":{"_acf_changed":false,"_monsterinsights_skip_tracking":false,"_monsterinsights_sitenote_active":false,"_monsterinsights_sitenote_note":"","_monsterinsights_sitenote_category":0},"product_brand":[],"product_cat":[1518,1576],"product_tag":[991,295,1008,293,319,1089],"class_list":{"0":"post-29612","1":"product","2":"type-product","3":"status-publish","4":"has-post-thumbnail","6":"product_cat-comunidad-valenciana","7":"product_cat-valencia-costa-blanca-es","8":"product_tag-aleman-es","9":"product_tag-espanol","10":"product_tag-frances-es","11":"product_tag-ingles","12":"product_tag-italiano","13":"product_tag-ruso-es","14":"pa_idioma-deutsch-es","15":"pa_idioma-english-es","16":"pa_idioma-espanol-es-2","17":"pa_idioma-francais-es","18":"pa_idioma-italiano-es","19":"pa_idioma--es","21":"first","22":"instock","23":"taxable","24":"shipping-taxable","25":"purchasable","26":"product-type-variable","27":"has-default-attributes"},"acf":[],"_links":{"self":[{"href":"https:\/\/triangle.cat\/es\/wp-json\/wp\/v2\/product\/29612","targetHints":{"allow":["GET"]}}],"collection":[{"href":"https:\/\/triangle.cat\/es\/wp-json\/wp\/v2\/product"}],"about":[{"href":"https:\/\/triangle.cat\/es\/wp-json\/wp\/v2\/types\/product"}],"replies":[{"embeddable":true,"href":"https:\/\/triangle.cat\/es\/wp-json\/wp\/v2\/comments?post=29612"}],"wp:featuredmedia":[{"embeddable":true,"href":"https:\/\/triangle.cat\/es\/wp-json\/wp\/v2\/media\/5307"}],"wp:attachment":[{"href":"https:\/\/triangle.cat\/es\/wp-json\/wp\/v2\/media?parent=29612"}],"wp:term":[{"taxonomy":"product_brand","embeddable":true,"href":"https:\/\/triangle.cat\/es\/wp-json\/wp\/v2\/product_brand?post=29612"},{"taxonomy":"product_cat","embeddable":true,"href":"https:\/\/triangle.cat\/es\/wp-json\/wp\/v2\/product_cat?post=29612"},{"taxonomy":"product_tag","embeddable":true,"href":"https:\/\/triangle.cat\/es\/wp-json\/wp\/v2\/product_tag?post=29612"}],"curies":[{"name":"wp","href":"https:\/\/api.w.org\/{rel}","templated":true}]}}