
{"id":29605,"date":"2023-02-14T08:17:35","date_gmt":"2023-02-14T11:31:56","guid":{"rendered":"https:\/\/www.triangleeditorial.com\/producto\/valencia-3\/"},"modified":"2023-02-14T11:32:48","modified_gmt":"2023-02-14T11:32:48","slug":"valencia-3","status":"publish","type":"product","link":"https:\/\/triangle.cat\/es\/producto\/valencia-3\/","title":{"rendered":"Valencia"},"content":{"rendered":"","protected":false},"excerpt":{"rendered":"<p>Valencia es una ciudad 150% mediterr\u00e1nea. Tiene una historia, una arquitectura, una gastronom\u00eda y unas relaciones humanas \u2014que prosperan en los mercados populares, en las terrazas de los bares o en las arenas y las aguas de las playas\u2014 definidas muy \u201cmediterr\u00e1neamente\u201d. Pero adem\u00e1s, los valencianos aportan un plus de exuberancia creativa cuyo ejemplo m\u00e1s significativo es su fiesta mayor: las Fallas, Patrimonio Inmaterial por la UNESCO, y que tambi\u00e9n se manifiesta en sus edificios g\u00f3ticos, barrocos y modernistas, e incluso en la muy contempor\u00e1nea Ciutat de les Arts i les Ci\u00e8ncies. \u00a1Disfruta de dos mil a\u00f1os de abigarrada vida mediterr\u00e1nea!<\/p>\n","protected":false},"featured_media":15518,"comment_status":"closed","ping_status":"open","template":"","meta":{"_acf_changed":false,"_monsterinsights_skip_tracking":false,"_monsterinsights_sitenote_active":false,"_monsterinsights_sitenote_note":"","_monsterinsights_sitenote_category":0},"product_brand":[],"product_cat":[1576],"product_tag":[991,292,295,1008,293,319],"class_list":{"0":"post-29605","1":"product","2":"type-product","3":"status-publish","4":"has-post-thumbnail","6":"product_cat-valencia-costa-blanca-es","7":"product_tag-aleman-es","8":"product_tag-catalan","9":"product_tag-espanol","10":"product_tag-frances-es","11":"product_tag-ingles","12":"product_tag-italiano","13":"pa_idioma-catalan","14":"pa_idioma-deutsch-es","15":"pa_idioma-english-es","16":"pa_idioma-espanol-es-2","17":"pa_idioma-francais-es","18":"pa_idioma-italiano-es","20":"first","21":"instock","22":"taxable","23":"shipping-taxable","24":"purchasable","25":"product-type-variable","26":"has-default-attributes"},"acf":[],"_links":{"self":[{"href":"https:\/\/triangle.cat\/es\/wp-json\/wp\/v2\/product\/29605","targetHints":{"allow":["GET"]}}],"collection":[{"href":"https:\/\/triangle.cat\/es\/wp-json\/wp\/v2\/product"}],"about":[{"href":"https:\/\/triangle.cat\/es\/wp-json\/wp\/v2\/types\/product"}],"replies":[{"embeddable":true,"href":"https:\/\/triangle.cat\/es\/wp-json\/wp\/v2\/comments?post=29605"}],"wp:featuredmedia":[{"embeddable":true,"href":"https:\/\/triangle.cat\/es\/wp-json\/wp\/v2\/media\/15518"}],"wp:attachment":[{"href":"https:\/\/triangle.cat\/es\/wp-json\/wp\/v2\/media?parent=29605"}],"wp:term":[{"taxonomy":"product_brand","embeddable":true,"href":"https:\/\/triangle.cat\/es\/wp-json\/wp\/v2\/product_brand?post=29605"},{"taxonomy":"product_cat","embeddable":true,"href":"https:\/\/triangle.cat\/es\/wp-json\/wp\/v2\/product_cat?post=29605"},{"taxonomy":"product_tag","embeddable":true,"href":"https:\/\/triangle.cat\/es\/wp-json\/wp\/v2\/product_tag?post=29605"}],"curies":[{"name":"wp","href":"https:\/\/api.w.org\/{rel}","templated":true}]}}