
{"id":29603,"date":"2023-02-14T08:17:22","date_gmt":"2023-02-14T11:31:42","guid":{"rendered":"https:\/\/www.triangleeditorial.com\/producto\/menorca-7\/"},"modified":"2024-12-31T10:53:19","modified_gmt":"2024-12-31T08:53:19","slug":"menorca-7","status":"publish","type":"product","link":"https:\/\/triangle.cat\/es\/producto\/menorca-7\/","title":{"rendered":"Menorca"},"content":{"rendered":"","protected":false},"excerpt":{"rendered":"<p>\u00bfC\u00f3mo era la Menorca de los a\u00f1os 60? El fot\u00f3grafo Toni Vidal nos la muestra en una serie de instant\u00e1neas en blanco y negro que captan a la perfecci\u00f3n la vida, la cultura y el paisaje de la isla. Los poetas Joan Perucho, Miquel Mart\u00ed i Pol, Jos\u00e9 Corredor-Matheos, \u00c0lex Susanna, Miquel Desclot y Benet Rosell evocan su belleza irrepetible.<\/p>\n","protected":false},"featured_media":16969,"comment_status":"closed","ping_status":"closed","template":"","meta":{"_acf_changed":false,"_monsterinsights_skip_tracking":false,"_monsterinsights_sitenote_active":false,"_monsterinsights_sitenote_note":"","_monsterinsights_sitenote_category":0},"product_brand":[],"product_cat":[1553,1573],"product_tag":[292],"class_list":{"0":"post-29603","1":"product","2":"type-product","3":"status-publish","4":"has-post-thumbnail","6":"product_cat-fotografia-y-diseno","7":"product_cat-menorca-es","8":"product_tag-catalan","9":"pa_idioma-catalan","11":"first","12":"outofstock","13":"taxable","14":"shipping-taxable","15":"purchasable","16":"product-type-variable","17":"has-default-attributes"},"acf":[],"_links":{"self":[{"href":"https:\/\/triangle.cat\/es\/wp-json\/wp\/v2\/product\/29603","targetHints":{"allow":["GET"]}}],"collection":[{"href":"https:\/\/triangle.cat\/es\/wp-json\/wp\/v2\/product"}],"about":[{"href":"https:\/\/triangle.cat\/es\/wp-json\/wp\/v2\/types\/product"}],"replies":[{"embeddable":true,"href":"https:\/\/triangle.cat\/es\/wp-json\/wp\/v2\/comments?post=29603"}],"wp:featuredmedia":[{"embeddable":true,"href":"https:\/\/triangle.cat\/es\/wp-json\/wp\/v2\/media\/16969"}],"wp:attachment":[{"href":"https:\/\/triangle.cat\/es\/wp-json\/wp\/v2\/media?parent=29603"}],"wp:term":[{"taxonomy":"product_brand","embeddable":true,"href":"https:\/\/triangle.cat\/es\/wp-json\/wp\/v2\/product_brand?post=29603"},{"taxonomy":"product_cat","embeddable":true,"href":"https:\/\/triangle.cat\/es\/wp-json\/wp\/v2\/product_cat?post=29603"},{"taxonomy":"product_tag","embeddable":true,"href":"https:\/\/triangle.cat\/es\/wp-json\/wp\/v2\/product_tag?post=29603"}],"curies":[{"name":"wp","href":"https:\/\/api.w.org\/{rel}","templated":true}]}}