
{"id":29601,"date":"2023-02-14T08:17:08","date_gmt":"2023-02-14T11:31:27","guid":{"rendered":"https:\/\/www.triangleeditorial.com\/producto\/terres-escrites\/"},"modified":"2023-02-14T11:31:44","modified_gmt":"2023-02-14T11:31:44","slug":"terres-escrites","status":"publish","type":"product","link":"https:\/\/triangle.cat\/es\/producto\/terres-escrites\/","title":{"rendered":"Terres escrites"},"content":{"rendered":"","protected":false},"excerpt":{"rendered":"<p>Las tierras de la Catalu\u00f1a del Norte, las Islas Baleares, Andorra, la Franja, el Pa\u00eds Valenciano, el Principado de Catalu\u00f1a y L\u2019Alguer comparten un patrimonio ling\u00fc\u00edstico, hist\u00f3rico y paisaj\u00edstico important\u00edsimo. Pese a ello, sus diferencias y singularidades dotan a cada territorio de una personalidad atractiva y poderosa. Una escogida selecci\u00f3n de textos de diversos escritores vinculados al territorio acompa\u00f1an los escenarios m\u00e1s po\u00e9ticos, especiales, populares, simb\u00f3licos y culturales. Las tierras escritas en palabras son tambi\u00e9n aqu\u00ed las tierras escritas en im\u00e1genes.<\/p>\n","protected":false},"featured_media":16916,"comment_status":"closed","ping_status":"closed","template":"","meta":{"_acf_changed":false,"_monsterinsights_skip_tracking":false,"_monsterinsights_sitenote_active":false,"_monsterinsights_sitenote_note":"","_monsterinsights_sitenote_category":0},"product_brand":[],"product_cat":[1543,1553],"product_tag":[292,295,293],"class_list":{"0":"post-29601","1":"product","2":"type-product","3":"status-publish","4":"has-post-thumbnail","6":"product_cat-cataluna-es","7":"product_cat-fotografia-y-diseno","8":"product_tag-catalan","9":"product_tag-espanol","10":"product_tag-ingles","11":"pa_idioma-multilingue-catala-espanol-english-es","13":"first","14":"instock","15":"taxable","16":"shipping-taxable","17":"purchasable","18":"product-type-variable","19":"has-default-attributes"},"acf":[],"_links":{"self":[{"href":"https:\/\/triangle.cat\/es\/wp-json\/wp\/v2\/product\/29601","targetHints":{"allow":["GET"]}}],"collection":[{"href":"https:\/\/triangle.cat\/es\/wp-json\/wp\/v2\/product"}],"about":[{"href":"https:\/\/triangle.cat\/es\/wp-json\/wp\/v2\/types\/product"}],"replies":[{"embeddable":true,"href":"https:\/\/triangle.cat\/es\/wp-json\/wp\/v2\/comments?post=29601"}],"wp:featuredmedia":[{"embeddable":true,"href":"https:\/\/triangle.cat\/es\/wp-json\/wp\/v2\/media\/16916"}],"wp:attachment":[{"href":"https:\/\/triangle.cat\/es\/wp-json\/wp\/v2\/media?parent=29601"}],"wp:term":[{"taxonomy":"product_brand","embeddable":true,"href":"https:\/\/triangle.cat\/es\/wp-json\/wp\/v2\/product_brand?post=29601"},{"taxonomy":"product_cat","embeddable":true,"href":"https:\/\/triangle.cat\/es\/wp-json\/wp\/v2\/product_cat?post=29601"},{"taxonomy":"product_tag","embeddable":true,"href":"https:\/\/triangle.cat\/es\/wp-json\/wp\/v2\/product_tag?post=29601"}],"curies":[{"name":"wp","href":"https:\/\/api.w.org\/{rel}","templated":true}]}}