
{"id":29599,"date":"2023-02-14T08:16:26","date_gmt":"2023-02-14T11:31:00","guid":{"rendered":"https:\/\/www.triangleeditorial.com\/producto\/tataxin\/"},"modified":"2023-03-01T13:42:54","modified_gmt":"2023-03-01T13:42:54","slug":"tataxin","status":"publish","type":"product","link":"https:\/\/triangle.cat\/es\/producto\/tataxin\/","title":{"rendered":"Tatax\u00edn!"},"content":{"rendered":"","protected":false},"excerpt":{"rendered":"<p>\u00a1TATACH\u00cdN! Descubre la fiesta de Sant Antoni d\u2019Art\u00e0 con N\u00faria y su abuela Ant\u00f2nia, que te mostrar\u00e1n todos los secretos de esta fiesta centenaria acompa\u00f1adas por sus traviesos diablos.Un cuento de N\u00faria Dur\u00e1n ilustrado por @maxmigue.<\/p>\n","protected":false},"featured_media":29861,"comment_status":"closed","ping_status":"closed","template":"","meta":{"_acf_changed":false,"_monsterinsights_skip_tracking":false,"_monsterinsights_sitenote_active":false,"_monsterinsights_sitenote_note":"","_monsterinsights_sitenote_category":0},"product_brand":[],"product_cat":[1564,1913],"product_tag":[],"class_list":{"0":"post-29599","1":"product","2":"type-product","3":"status-publish","4":"has-post-thumbnail","6":"product_cat-infantil-es","7":"product_cat-llibres-infantils-es","8":"pa_idioma-catalan","10":"first","11":"instock","12":"taxable","13":"shipping-taxable","14":"purchasable","15":"product-type-variable","16":"has-default-attributes"},"acf":[],"_links":{"self":[{"href":"https:\/\/triangle.cat\/es\/wp-json\/wp\/v2\/product\/29599","targetHints":{"allow":["GET"]}}],"collection":[{"href":"https:\/\/triangle.cat\/es\/wp-json\/wp\/v2\/product"}],"about":[{"href":"https:\/\/triangle.cat\/es\/wp-json\/wp\/v2\/types\/product"}],"replies":[{"embeddable":true,"href":"https:\/\/triangle.cat\/es\/wp-json\/wp\/v2\/comments?post=29599"}],"wp:featuredmedia":[{"embeddable":true,"href":"https:\/\/triangle.cat\/es\/wp-json\/wp\/v2\/media\/29861"}],"wp:attachment":[{"href":"https:\/\/triangle.cat\/es\/wp-json\/wp\/v2\/media?parent=29599"}],"wp:term":[{"taxonomy":"product_brand","embeddable":true,"href":"https:\/\/triangle.cat\/es\/wp-json\/wp\/v2\/product_brand?post=29599"},{"taxonomy":"product_cat","embeddable":true,"href":"https:\/\/triangle.cat\/es\/wp-json\/wp\/v2\/product_cat?post=29599"},{"taxonomy":"product_tag","embeddable":true,"href":"https:\/\/triangle.cat\/es\/wp-json\/wp\/v2\/product_tag?post=29599"}],"curies":[{"name":"wp","href":"https:\/\/api.w.org\/{rel}","templated":true}]}}