
{"id":29593,"date":"2023-02-14T08:15:38","date_gmt":"2023-02-14T11:30:04","guid":{"rendered":"https:\/\/www.triangleeditorial.com\/producto\/la-travesia-de-la-costa-brava\/"},"modified":"2024-04-18T15:20:54","modified_gmt":"2024-04-18T13:20:54","slug":"la-travesia-de-la-costa-brava","status":"publish","type":"product","link":"https:\/\/triangle.cat\/es\/producto\/la-travesia-de-la-costa-brava\/","title":{"rendered":"La traves\u00eda de la Costa Brava"},"content":{"rendered":"","protected":false},"excerpt":{"rendered":"<p>Sergi Lara les acompa\u00f1a por los paisajes m\u00e1s atractivos de la costa catalana. Paseen por los caminos de ronda y por los senderos del litoral en 230 kil\u00f3metros de vistas excepcionales. La traves\u00eda se divide en 10 etapas con mapas detallados e informaci\u00f3n sobre los caminos de ronda, los GR y los senderos. Adem\u00e1s, la incorporaci\u00f3n de 2 etapas extras le permitir\u00e1n caminar desde Portbou a Cotlliure para descubrir los encantos de la C\u00f4te Vermeille.<\/p>\n","protected":false},"featured_media":21436,"comment_status":"closed","ping_status":"closed","template":"","meta":{"_acf_changed":false,"_monsterinsights_skip_tracking":false,"_monsterinsights_sitenote_active":false,"_monsterinsights_sitenote_note":"","_monsterinsights_sitenote_category":0},"product_brand":[],"product_cat":[1503,1561,1521],"product_tag":[991,292,295,1008,293],"class_list":{"0":"post-29593","1":"product","2":"type-product","3":"status-publish","4":"has-post-thumbnail","6":"product_cat-cataluna","7":"product_cat-girona-costa-brava-es","8":"product_cat-senderismo-y-ciclismo","9":"product_tag-aleman-es","10":"product_tag-catalan","11":"product_tag-espanol","12":"product_tag-frances-es","13":"product_tag-ingles","14":"pa_idioma-catalan","15":"pa_idioma-deutsch-es","16":"pa_idioma-english-es","17":"pa_idioma-espanol-es-2","18":"pa_idioma-francais-es","20":"first","21":"instock","22":"taxable","23":"shipping-taxable","24":"purchasable","25":"product-type-variable","26":"has-default-attributes"},"acf":[],"_links":{"self":[{"href":"https:\/\/triangle.cat\/es\/wp-json\/wp\/v2\/product\/29593","targetHints":{"allow":["GET"]}}],"collection":[{"href":"https:\/\/triangle.cat\/es\/wp-json\/wp\/v2\/product"}],"about":[{"href":"https:\/\/triangle.cat\/es\/wp-json\/wp\/v2\/types\/product"}],"replies":[{"embeddable":true,"href":"https:\/\/triangle.cat\/es\/wp-json\/wp\/v2\/comments?post=29593"}],"wp:featuredmedia":[{"embeddable":true,"href":"https:\/\/triangle.cat\/es\/wp-json\/wp\/v2\/media\/21436"}],"wp:attachment":[{"href":"https:\/\/triangle.cat\/es\/wp-json\/wp\/v2\/media?parent=29593"}],"wp:term":[{"taxonomy":"product_brand","embeddable":true,"href":"https:\/\/triangle.cat\/es\/wp-json\/wp\/v2\/product_brand?post=29593"},{"taxonomy":"product_cat","embeddable":true,"href":"https:\/\/triangle.cat\/es\/wp-json\/wp\/v2\/product_cat?post=29593"},{"taxonomy":"product_tag","embeddable":true,"href":"https:\/\/triangle.cat\/es\/wp-json\/wp\/v2\/product_tag?post=29593"}],"curies":[{"name":"wp","href":"https:\/\/api.w.org\/{rel}","templated":true}]}}