
{"id":29585,"date":"2023-02-14T08:14:37","date_gmt":"2023-02-14T08:14:37","guid":{"rendered":"https:\/\/www.triangleeditorial.com\/producto\/tapas-barcelona\/"},"modified":"2026-01-05T05:35:33","modified_gmt":"2026-01-05T03:35:33","slug":"tapas-barcelona","status":"publish","type":"product","link":"https:\/\/triangle.cat\/es\/producto\/tapas-barcelona\/","title":{"rendered":"Tapas Barcelona"},"content":{"rendered":"","protected":false},"excerpt":{"rendered":"<p>\u00bfQu\u00e9 encontrar\u00e1s en este suculento libro?<\/p>\n<p>40 recetas para tapear en casa, con la familia o con los amigos, presumir de conocer los secretos de las mejores tapas de Barcelona. 20 locales imprescindibles, desde los centenarios hasta los m\u00e1s recientes abiertos por chefs con estrellas Michelin, para conocer su historia y qu\u00e9 tapas pedir en cada uno. 10 rutas por diferentes barrios de Barcelona con sus locales de tapas m\u00e1s caracter\u00edsticos.<\/p>\n","protected":false},"featured_media":5262,"comment_status":"closed","ping_status":"closed","template":"","meta":{"_acf_changed":false,"_monsterinsights_skip_tracking":false,"_monsterinsights_sitenote_active":false,"_monsterinsights_sitenote_note":"","_monsterinsights_sitenote_category":0},"product_brand":[],"product_cat":[1540,1544],"product_tag":[991,292,295,1008,293,319,1089],"class_list":{"0":"post-29585","1":"product","2":"type-product","3":"status-publish","4":"has-post-thumbnail","6":"product_cat-barcelona-es-2","7":"product_cat-cocina","8":"product_tag-aleman-es","9":"product_tag-catalan","10":"product_tag-espanol","11":"product_tag-frances-es","12":"product_tag-ingles","13":"product_tag-italiano","14":"product_tag-ruso-es","15":"pa_idioma-catalan","16":"pa_idioma-deutsch-es","17":"pa_idioma-english-es","18":"pa_idioma-espanol-es-2","19":"pa_idioma-francais-es","20":"pa_idioma-italiano-es","21":"pa_idioma--es","23":"first","24":"instock","25":"taxable","26":"shipping-taxable","27":"purchasable","28":"product-type-variable","29":"has-default-attributes"},"acf":[],"_links":{"self":[{"href":"https:\/\/triangle.cat\/es\/wp-json\/wp\/v2\/product\/29585","targetHints":{"allow":["GET"]}}],"collection":[{"href":"https:\/\/triangle.cat\/es\/wp-json\/wp\/v2\/product"}],"about":[{"href":"https:\/\/triangle.cat\/es\/wp-json\/wp\/v2\/types\/product"}],"replies":[{"embeddable":true,"href":"https:\/\/triangle.cat\/es\/wp-json\/wp\/v2\/comments?post=29585"}],"wp:featuredmedia":[{"embeddable":true,"href":"https:\/\/triangle.cat\/es\/wp-json\/wp\/v2\/media\/5262"}],"wp:attachment":[{"href":"https:\/\/triangle.cat\/es\/wp-json\/wp\/v2\/media?parent=29585"}],"wp:term":[{"taxonomy":"product_brand","embeddable":true,"href":"https:\/\/triangle.cat\/es\/wp-json\/wp\/v2\/product_brand?post=29585"},{"taxonomy":"product_cat","embeddable":true,"href":"https:\/\/triangle.cat\/es\/wp-json\/wp\/v2\/product_cat?post=29585"},{"taxonomy":"product_tag","embeddable":true,"href":"https:\/\/triangle.cat\/es\/wp-json\/wp\/v2\/product_tag?post=29585"}],"curies":[{"name":"wp","href":"https:\/\/api.w.org\/{rel}","templated":true}]}}