
{"id":29573,"date":"2023-02-14T08:13:03","date_gmt":"2023-02-14T11:27:32","guid":{"rendered":"https:\/\/www.triangleeditorial.com\/producto\/tarragona-2\/"},"modified":"2023-03-06T10:38:57","modified_gmt":"2023-03-06T10:38:57","slug":"tarragona-2","status":"publish","type":"product","link":"https:\/\/triangle.cat\/es\/producto\/tarragona-2\/","title":{"rendered":"Tarragona"},"content":{"rendered":"","protected":false},"excerpt":{"rendered":"<p>Tarragona, la antigua Tarraco, fue la primera ciudad romana fuera de Italia y residencia del emperador Augusto, quien la convirti\u00f3 en capital de Hispania. M\u00e1s tarde, el emperador Adriano le dedic\u00f3 estas palabras: \u00abTarraco, la ciudad donde la primavera es eterna\u00bb. El rastro de la civilizaci\u00f3n cl\u00e1sica lo percibimos en sus murallas, torres, foros, circo y anfiteatro, declarados Patrimonio Mundial por la UNESCO. Pero hoy, por encima de todo, Tarragona es su patrimonio humano: la cultura, la fiesta, la gastronom\u00eda&#8230;, tan digno de reconocimiento como el de las piedras.<\/p>\n","protected":false},"featured_media":30048,"comment_status":"closed","ping_status":"closed","template":"","meta":{"_acf_changed":false,"_monsterinsights_skip_tracking":false,"_monsterinsights_sitenote_active":false,"_monsterinsights_sitenote_note":"","_monsterinsights_sitenote_category":0},"product_brand":[],"product_cat":[1543],"product_tag":[292,295,1008,293],"class_list":{"0":"post-29573","1":"product","2":"type-product","3":"status-publish","4":"has-post-thumbnail","6":"product_cat-cataluna-es","7":"product_tag-catalan","8":"product_tag-espanol","9":"product_tag-frances-es","10":"product_tag-ingles","11":"pa_idioma-catalan","12":"pa_idioma-english-es","13":"pa_idioma-espanol-es-2","14":"pa_idioma-francais-es","16":"first","17":"instock","18":"taxable","19":"shipping-taxable","20":"purchasable","21":"product-type-variable","22":"has-default-attributes"},"acf":[],"_links":{"self":[{"href":"https:\/\/triangle.cat\/es\/wp-json\/wp\/v2\/product\/29573","targetHints":{"allow":["GET"]}}],"collection":[{"href":"https:\/\/triangle.cat\/es\/wp-json\/wp\/v2\/product"}],"about":[{"href":"https:\/\/triangle.cat\/es\/wp-json\/wp\/v2\/types\/product"}],"replies":[{"embeddable":true,"href":"https:\/\/triangle.cat\/es\/wp-json\/wp\/v2\/comments?post=29573"}],"wp:featuredmedia":[{"embeddable":true,"href":"https:\/\/triangle.cat\/es\/wp-json\/wp\/v2\/media\/30048"}],"wp:attachment":[{"href":"https:\/\/triangle.cat\/es\/wp-json\/wp\/v2\/media?parent=29573"}],"wp:term":[{"taxonomy":"product_brand","embeddable":true,"href":"https:\/\/triangle.cat\/es\/wp-json\/wp\/v2\/product_brand?post=29573"},{"taxonomy":"product_cat","embeddable":true,"href":"https:\/\/triangle.cat\/es\/wp-json\/wp\/v2\/product_cat?post=29573"},{"taxonomy":"product_tag","embeddable":true,"href":"https:\/\/triangle.cat\/es\/wp-json\/wp\/v2\/product_tag?post=29573"}],"curies":[{"name":"wp","href":"https:\/\/api.w.org\/{rel}","templated":true}]}}