
{"id":29567,"date":"2023-02-14T08:12:29","date_gmt":"2023-02-14T11:26:51","guid":{"rendered":"https:\/\/www.triangleeditorial.com\/producto\/serra-de-tramuntana-2\/"},"modified":"2025-02-06T13:42:24","modified_gmt":"2025-02-06T11:42:24","slug":"serra-de-tramuntana-2","status":"publish","type":"product","link":"https:\/\/triangle.cat\/es\/producto\/serra-de-tramuntana-2\/","title":{"rendered":"Serra de Tramuntana"},"content":{"rendered":"","protected":false},"excerpt":{"rendered":"<p>La Guia-mapa de la Serra de Tramuntana contiene las claves para moverse sin dificultad por uno de los espacios naturales m\u00e1s bellos y extensos de Mallorca. Muestra diversos itinerarios, los enclaves con m\u00e1s valor ecol\u00f3gico y paisaj\u00edstico, y los hoteles y alojamientos m\u00e1s adecuados a la necesidad del visitante.<\/p>\n","protected":false},"featured_media":21426,"comment_status":"closed","ping_status":"closed","template":"","meta":{"_acf_changed":false,"_monsterinsights_skip_tracking":false,"_monsterinsights_sitenote_active":false,"_monsterinsights_sitenote_note":"","_monsterinsights_sitenote_category":0},"product_brand":[],"product_cat":[1511,1527,1570],"product_tag":[991,292,295,1008,293],"class_list":{"0":"post-29567","1":"product","2":"type-product","3":"status-publish","4":"has-post-thumbnail","6":"product_cat-guia-mapa-es","7":"product_cat-islas-baleares","8":"product_cat-mallorca-es","9":"product_tag-aleman-es","10":"product_tag-catalan","11":"product_tag-espanol","12":"product_tag-frances-es","13":"product_tag-ingles","14":"pa_idioma-catalan","15":"pa_idioma-deutsch-es","16":"pa_idioma-english-es","17":"pa_idioma-espanol-es-2","18":"pa_idioma-francais-es","20":"first","21":"outofstock","22":"taxable","23":"shipping-taxable","24":"purchasable","25":"product-type-variable","26":"has-default-attributes"},"acf":[],"_links":{"self":[{"href":"https:\/\/triangle.cat\/es\/wp-json\/wp\/v2\/product\/29567","targetHints":{"allow":["GET"]}}],"collection":[{"href":"https:\/\/triangle.cat\/es\/wp-json\/wp\/v2\/product"}],"about":[{"href":"https:\/\/triangle.cat\/es\/wp-json\/wp\/v2\/types\/product"}],"replies":[{"embeddable":true,"href":"https:\/\/triangle.cat\/es\/wp-json\/wp\/v2\/comments?post=29567"}],"wp:featuredmedia":[{"embeddable":true,"href":"https:\/\/triangle.cat\/es\/wp-json\/wp\/v2\/media\/21426"}],"wp:attachment":[{"href":"https:\/\/triangle.cat\/es\/wp-json\/wp\/v2\/media?parent=29567"}],"wp:term":[{"taxonomy":"product_brand","embeddable":true,"href":"https:\/\/triangle.cat\/es\/wp-json\/wp\/v2\/product_brand?post=29567"},{"taxonomy":"product_cat","embeddable":true,"href":"https:\/\/triangle.cat\/es\/wp-json\/wp\/v2\/product_cat?post=29567"},{"taxonomy":"product_tag","embeddable":true,"href":"https:\/\/triangle.cat\/es\/wp-json\/wp\/v2\/product_tag?post=29567"}],"curies":[{"name":"wp","href":"https:\/\/api.w.org\/{rel}","templated":true}]}}