
{"id":29560,"date":"2023-02-14T08:08:12","date_gmt":"2023-02-14T11:22:48","guid":{"rendered":"https:\/\/www.triangleeditorial.com\/producto\/simbologia-del-templo-de-la-sagrada-familia\/"},"modified":"2023-11-06T18:10:08","modified_gmt":"2023-11-06T16:10:08","slug":"simbologia-del-templo-de-la-sagrada-familia","status":"publish","type":"product","link":"https:\/\/triangle.cat\/es\/producto\/simbologia-del-templo-de-la-sagrada-familia\/","title":{"rendered":"Simbolog\u00eda del Templo de la Sagrada Familia"},"content":{"rendered":"","protected":false},"excerpt":{"rendered":"<p>Cuando Gaud\u00ed decidi\u00f3 levantar el templo definitivo lo hizo a conciencia. Su construcci\u00f3n m\u00e1s famosa est\u00e1 llena de alegor\u00edas, detalles, s\u00edmbolos y mensajes ocultos que quedan al descubierto en esta gu\u00eda que descifra todos los secretos de la Sagrada Familia.<\/p>\n","protected":false},"featured_media":29927,"comment_status":"closed","ping_status":"closed","template":"","meta":{"_acf_changed":false,"_monsterinsights_skip_tracking":false,"_monsterinsights_sitenote_active":false,"_monsterinsights_sitenote_note":"","_monsterinsights_sitenote_category":0},"product_brand":[],"product_cat":[1558,1497,1501,1540,1503],"product_tag":[991,292,295,1008,293,319],"class_list":{"0":"post-29560","1":"product","2":"type-product","3":"status-publish","4":"has-post-thumbnail","6":"product_cat-antoni-gaudi-es","7":"product_cat-arte-y-arquitectura","8":"product_cat-barcelona-es","9":"product_cat-barcelona-es-2","10":"product_cat-cataluna","11":"product_tag-aleman-es","12":"product_tag-catalan","13":"product_tag-espanol","14":"product_tag-frances-es","15":"product_tag-ingles","16":"product_tag-italiano","17":"pa_idioma-catalan","18":"pa_idioma-deutsch-es","19":"pa_idioma-english-es","20":"pa_idioma-espanol-es-2","21":"pa_idioma-francais-es","22":"pa_idioma-italiano-es","24":"first","25":"instock","26":"taxable","27":"shipping-taxable","28":"purchasable","29":"product-type-variable","30":"has-default-attributes"},"acf":[],"_links":{"self":[{"href":"https:\/\/triangle.cat\/es\/wp-json\/wp\/v2\/product\/29560","targetHints":{"allow":["GET"]}}],"collection":[{"href":"https:\/\/triangle.cat\/es\/wp-json\/wp\/v2\/product"}],"about":[{"href":"https:\/\/triangle.cat\/es\/wp-json\/wp\/v2\/types\/product"}],"replies":[{"embeddable":true,"href":"https:\/\/triangle.cat\/es\/wp-json\/wp\/v2\/comments?post=29560"}],"wp:featuredmedia":[{"embeddable":true,"href":"https:\/\/triangle.cat\/es\/wp-json\/wp\/v2\/media\/29927"}],"wp:attachment":[{"href":"https:\/\/triangle.cat\/es\/wp-json\/wp\/v2\/media?parent=29560"}],"wp:term":[{"taxonomy":"product_brand","embeddable":true,"href":"https:\/\/triangle.cat\/es\/wp-json\/wp\/v2\/product_brand?post=29560"},{"taxonomy":"product_cat","embeddable":true,"href":"https:\/\/triangle.cat\/es\/wp-json\/wp\/v2\/product_cat?post=29560"},{"taxonomy":"product_tag","embeddable":true,"href":"https:\/\/triangle.cat\/es\/wp-json\/wp\/v2\/product_tag?post=29560"}],"curies":[{"name":"wp","href":"https:\/\/api.w.org\/{rel}","templated":true}]}}