
{"id":29557,"date":"2023-02-14T08:07:43","date_gmt":"2023-02-14T11:22:15","guid":{"rendered":"https:\/\/www.triangleeditorial.com\/producto\/barcelona-13\/"},"modified":"2025-06-02T11:46:09","modified_gmt":"2025-06-02T09:46:09","slug":"barcelona-14","status":"publish","type":"product","link":"https:\/\/triangle.cat\/es\/producto\/barcelona-14\/","title":{"rendered":"Barcelona"},"content":{"rendered":"","protected":false},"excerpt":{"rendered":"<p>Presentamos nuestro cl\u00e1sico Barcelona Souvenir con un nuevo formato, un nuevo dise\u00f1o, fotos actualizadas y contenido interactivo extra. Barcelona, capital de Catalu\u00f1a y una de las ciudades m\u00e1s modernas del Mediterr\u00e1neo, fascina a cualquier visitante. Un recorrido ameno por sus calles, edificios y monumentos \u2013desde la obra de Gaud\u00ed y el modernismo a las recientes aportaciones de Richard Meier y Jean Nouvel\u2013, junto a un repaso a sus tradiciones, su cultura y su gastronom\u00eda.<\/p>\n","protected":false},"featured_media":20857,"comment_status":"closed","ping_status":"closed","template":"","meta":{"_acf_changed":false,"_monsterinsights_skip_tracking":false,"_monsterinsights_sitenote_active":false,"_monsterinsights_sitenote_note":"","_monsterinsights_sitenote_category":0},"product_brand":[],"product_cat":[1540],"product_tag":[991,1092,295,1008,1054,293,319,1089],"class_list":{"0":"post-29557","1":"product","2":"type-product","3":"status-publish","4":"has-post-thumbnail","6":"product_cat-barcelona-es-2","7":"product_tag-aleman-es","8":"product_tag-chino-es","9":"product_tag-espanol","10":"product_tag-frances-es","11":"product_tag-holanda","12":"product_tag-ingles","13":"product_tag-italiano","14":"product_tag-ruso-es","15":"pa_idioma-multilingue-espanol-english-nederlands--es","16":"pa_idioma-multilingue-francais-deutsch-italiano--es","18":"first","19":"instock","20":"taxable","21":"shipping-taxable","22":"purchasable","23":"product-type-variable","24":"has-default-attributes"},"acf":[],"_links":{"self":[{"href":"https:\/\/triangle.cat\/es\/wp-json\/wp\/v2\/product\/29557","targetHints":{"allow":["GET"]}}],"collection":[{"href":"https:\/\/triangle.cat\/es\/wp-json\/wp\/v2\/product"}],"about":[{"href":"https:\/\/triangle.cat\/es\/wp-json\/wp\/v2\/types\/product"}],"replies":[{"embeddable":true,"href":"https:\/\/triangle.cat\/es\/wp-json\/wp\/v2\/comments?post=29557"}],"wp:featuredmedia":[{"embeddable":true,"href":"https:\/\/triangle.cat\/es\/wp-json\/wp\/v2\/media\/20857"}],"wp:attachment":[{"href":"https:\/\/triangle.cat\/es\/wp-json\/wp\/v2\/media?parent=29557"}],"wp:term":[{"taxonomy":"product_brand","embeddable":true,"href":"https:\/\/triangle.cat\/es\/wp-json\/wp\/v2\/product_brand?post=29557"},{"taxonomy":"product_cat","embeddable":true,"href":"https:\/\/triangle.cat\/es\/wp-json\/wp\/v2\/product_cat?post=29557"},{"taxonomy":"product_tag","embeddable":true,"href":"https:\/\/triangle.cat\/es\/wp-json\/wp\/v2\/product_tag?post=29557"}],"curies":[{"name":"wp","href":"https:\/\/api.w.org\/{rel}","templated":true}]}}