
{"id":29555,"date":"2023-02-14T08:07:31","date_gmt":"2023-02-14T11:22:00","guid":{"rendered":"https:\/\/www.triangleeditorial.com\/producto\/casa-museo-sorolla\/"},"modified":"2023-02-14T11:22:17","modified_gmt":"2023-02-14T11:22:17","slug":"casa-museo-sorolla","status":"publish","type":"product","link":"https:\/\/triangle.cat\/es\/producto\/casa-museo-sorolla\/","title":{"rendered":"Casa Museo\u00a0Sorolla"},"content":{"rendered":"","protected":false},"excerpt":{"rendered":"<p>La casa Sorolla representa el firmamento del pintor, en ella est\u00e1 presente todo lo que le rode\u00f3 e interes\u00f3, lo que le inspir\u00f3, lo que cre\u00f3, todo aquello con lo que disfrut\u00f3 y convivi\u00f3..<\/p>\n","protected":false},"featured_media":16624,"comment_status":"closed","ping_status":"closed","template":"","meta":{"_acf_changed":false,"_monsterinsights_skip_tracking":false,"_monsterinsights_sitenote_active":false,"_monsterinsights_sitenote_note":"","_monsterinsights_sitenote_category":0},"product_brand":[],"product_cat":[1537,1553],"product_tag":[295,293],"class_list":{"0":"post-29555","1":"product","2":"type-product","3":"status-publish","4":"has-post-thumbnail","6":"product_cat-arte-y-arquitectura-es","7":"product_cat-fotografia-y-diseno","8":"product_tag-espanol","9":"product_tag-ingles","10":"pa_idioma-multilingue-espanol-english-es","12":"first","13":"instock","14":"taxable","15":"shipping-taxable","16":"purchasable","17":"product-type-variable","18":"has-default-attributes"},"acf":[],"_links":{"self":[{"href":"https:\/\/triangle.cat\/es\/wp-json\/wp\/v2\/product\/29555","targetHints":{"allow":["GET"]}}],"collection":[{"href":"https:\/\/triangle.cat\/es\/wp-json\/wp\/v2\/product"}],"about":[{"href":"https:\/\/triangle.cat\/es\/wp-json\/wp\/v2\/types\/product"}],"replies":[{"embeddable":true,"href":"https:\/\/triangle.cat\/es\/wp-json\/wp\/v2\/comments?post=29555"}],"wp:featuredmedia":[{"embeddable":true,"href":"https:\/\/triangle.cat\/es\/wp-json\/wp\/v2\/media\/16624"}],"wp:attachment":[{"href":"https:\/\/triangle.cat\/es\/wp-json\/wp\/v2\/media?parent=29555"}],"wp:term":[{"taxonomy":"product_brand","embeddable":true,"href":"https:\/\/triangle.cat\/es\/wp-json\/wp\/v2\/product_brand?post=29555"},{"taxonomy":"product_cat","embeddable":true,"href":"https:\/\/triangle.cat\/es\/wp-json\/wp\/v2\/product_cat?post=29555"},{"taxonomy":"product_tag","embeddable":true,"href":"https:\/\/triangle.cat\/es\/wp-json\/wp\/v2\/product_tag?post=29555"}],"curies":[{"name":"wp","href":"https:\/\/api.w.org\/{rel}","templated":true}]}}