
{"id":29544,"date":"2023-08-07T16:15:44","date_gmt":"2023-08-07T14:15:44","guid":{"rendered":"https:\/\/www.triangleeditorial.com\/producto\/la-sagrada-familia\/"},"modified":"2026-01-26T15:06:35","modified_gmt":"2026-01-26T13:06:35","slug":"la-sagrada-familia","status":"publish","type":"product","link":"https:\/\/triangle.cat\/es\/producto\/la-sagrada-familia\/","title":{"rendered":"La Sagrada Familia"},"content":{"rendered":"","protected":false},"excerpt":{"rendered":"<p><strong>Chiara Curti<\/strong>, arquitecta y doctora en Historia del arte, es especialista en <strong>Gaud\u00ed<\/strong> y su obra, y ha trabajado como arquitecta en la cripta y en la fachada del Nacimiento.<\/p>\n<p>En este libro, <strong>La Sagrada Familia, catedral de la luz<\/strong>, Curti nos gu\u00eda por la <em>bas\u00edlica de la mano de Gaud\u00ed<\/em>, en una visita que trasciende la materia que la conforma y nos muestra la luz que la ilumina en un camino hacia la belleza, esto es, hacia la verdad, porque si, como dice la autora, \u201cla belleza es la materia iluminada\u201d, <strong>Gaud\u00ed<\/strong> nos se\u00f1ala que <em>\u201cla belleza es el resplandor de la verdad\u201d.<\/em><\/p>\n<p>Y en este camino, Chiara Curti nos descubre aspectos e im\u00e1genes del templo que nunca se hab\u00edan dicho o visto antes y de los cuales ahora podemos participar gracias a sus palabras y a las excelentes fotograf\u00edas de <strong>Pere Vivas<\/strong>.<\/p>\n<p>&nbsp;<\/p>\n<ul>\n<li>Un libro de Chiara Curti<\/li>\n<li>Fotograf\u00edas de Pere Vivas<\/li>\n<li>Pr\u00f3logo de Jordi Faul\u00ed y Mario Botta<\/li>\n<li>Im\u00e1genes de gran calidad a todo color<\/li>\n<\/ul>\n","protected":false},"featured_media":41386,"comment_status":"closed","ping_status":"closed","template":"","meta":{"_acf_changed":false,"_monsterinsights_skip_tracking":false,"_monsterinsights_sitenote_active":false,"_monsterinsights_sitenote_note":"","_monsterinsights_sitenote_category":0},"product_brand":[],"product_cat":[1558,1537,1540],"product_tag":[],"class_list":{"0":"post-29544","1":"product","2":"type-product","3":"status-publish","4":"has-post-thumbnail","6":"product_cat-antoni-gaudi-es","7":"product_cat-arte-y-arquitectura-es","8":"product_cat-barcelona-es-2","9":"pa_idioma-alemany-es","10":"pa_idioma-catalan","11":"pa_idioma-english-es","12":"pa_idioma-espanol-es-2","13":"pa_idioma-frances-es","14":"pa_idioma-italiano-es","16":"first","17":"instock","18":"taxable","19":"shipping-taxable","20":"purchasable","21":"product-type-variable","22":"has-default-attributes"},"acf":[],"_links":{"self":[{"href":"https:\/\/triangle.cat\/es\/wp-json\/wp\/v2\/product\/29544","targetHints":{"allow":["GET"]}}],"collection":[{"href":"https:\/\/triangle.cat\/es\/wp-json\/wp\/v2\/product"}],"about":[{"href":"https:\/\/triangle.cat\/es\/wp-json\/wp\/v2\/types\/product"}],"replies":[{"embeddable":true,"href":"https:\/\/triangle.cat\/es\/wp-json\/wp\/v2\/comments?post=29544"}],"wp:featuredmedia":[{"embeddable":true,"href":"https:\/\/triangle.cat\/es\/wp-json\/wp\/v2\/media\/41386"}],"wp:attachment":[{"href":"https:\/\/triangle.cat\/es\/wp-json\/wp\/v2\/media?parent=29544"}],"wp:term":[{"taxonomy":"product_brand","embeddable":true,"href":"https:\/\/triangle.cat\/es\/wp-json\/wp\/v2\/product_brand?post=29544"},{"taxonomy":"product_cat","embeddable":true,"href":"https:\/\/triangle.cat\/es\/wp-json\/wp\/v2\/product_cat?post=29544"},{"taxonomy":"product_tag","embeddable":true,"href":"https:\/\/triangle.cat\/es\/wp-json\/wp\/v2\/product_tag?post=29544"}],"curies":[{"name":"wp","href":"https:\/\/api.w.org\/{rel}","templated":true}]}}