
{"id":29537,"date":"2023-02-14T07:59:35","date_gmt":"2023-02-14T07:59:35","guid":{"rendered":"https:\/\/www.triangleeditorial.com\/producto\/gaudi-en-la-catedral-de-mallorca\/"},"modified":"2026-03-15T13:24:27","modified_gmt":"2026-03-15T11:24:27","slug":"gaudi-en-la-catedral-de-mallorca","status":"publish","type":"product","link":"https:\/\/triangle.cat\/es\/producto\/gaudi-en-la-catedral-de-mallorca\/","title":{"rendered":"Gaud\u00ed en la Catedral de Mallorca"},"content":{"rendered":"","protected":false},"excerpt":{"rendered":"<p>Antoni Gaud\u00ed lleg\u00f3 a la catedral de Palma de Mallorca el invierno de 1902 para emprender la restauraci\u00f3n de una parte del templo. En esta tarea le ayudaron los artistas Josep Maria Jujol, Joan Rubi\u00f3 y Joaquim Torres-Garcia. Pese a que su trabajo fue muy criticado debido a la eliminaci\u00f3n de algunos elementos tradicionales, el resultado asombra y desaf\u00eda el paso del tiempo.<\/p>\n","protected":false},"featured_media":7858,"comment_status":"closed","ping_status":"closed","template":"","meta":{"_acf_changed":false,"_monsterinsights_skip_tracking":false,"_monsterinsights_sitenote_active":false,"_monsterinsights_sitenote_note":"","_monsterinsights_sitenote_category":0},"product_brand":[],"product_cat":[1558,1537],"product_tag":[991,292,295,1008,293,319],"class_list":{"0":"post-29537","1":"product","2":"type-product","3":"status-publish","4":"has-post-thumbnail","6":"product_cat-antoni-gaudi-es","7":"product_cat-arte-y-arquitectura-es","8":"product_tag-aleman-es","9":"product_tag-catalan","10":"product_tag-espanol","11":"product_tag-frances-es","12":"product_tag-ingles","13":"product_tag-italiano","14":"pa_idioma-catalan","15":"pa_idioma-deutsch-es","16":"pa_idioma-english-es","17":"pa_idioma-espanol-es-2","18":"pa_idioma-francais-es","19":"pa_idioma-italiano-es","21":"first","22":"instock","23":"taxable","24":"shipping-taxable","25":"purchasable","26":"product-type-variable","27":"has-default-attributes"},"acf":[],"_links":{"self":[{"href":"https:\/\/triangle.cat\/es\/wp-json\/wp\/v2\/product\/29537","targetHints":{"allow":["GET"]}}],"collection":[{"href":"https:\/\/triangle.cat\/es\/wp-json\/wp\/v2\/product"}],"about":[{"href":"https:\/\/triangle.cat\/es\/wp-json\/wp\/v2\/types\/product"}],"replies":[{"embeddable":true,"href":"https:\/\/triangle.cat\/es\/wp-json\/wp\/v2\/comments?post=29537"}],"wp:featuredmedia":[{"embeddable":true,"href":"https:\/\/triangle.cat\/es\/wp-json\/wp\/v2\/media\/7858"}],"wp:attachment":[{"href":"https:\/\/triangle.cat\/es\/wp-json\/wp\/v2\/media?parent=29537"}],"wp:term":[{"taxonomy":"product_brand","embeddable":true,"href":"https:\/\/triangle.cat\/es\/wp-json\/wp\/v2\/product_brand?post=29537"},{"taxonomy":"product_cat","embeddable":true,"href":"https:\/\/triangle.cat\/es\/wp-json\/wp\/v2\/product_cat?post=29537"},{"taxonomy":"product_tag","embeddable":true,"href":"https:\/\/triangle.cat\/es\/wp-json\/wp\/v2\/product_tag?post=29537"}],"curies":[{"name":"wp","href":"https:\/\/api.w.org\/{rel}","templated":true}]}}