
{"id":29523,"date":"2023-02-14T07:58:33","date_gmt":"2023-02-14T11:13:07","guid":{"rendered":"https:\/\/www.triangleeditorial.com\/producto\/cerdena\/"},"modified":"2025-04-10T15:00:25","modified_gmt":"2025-04-10T13:00:25","slug":"cerdena","status":"publish","type":"product","link":"https:\/\/triangle.cat\/es\/producto\/cerdena\/","title":{"rendered":"Cerde\u00f1a"},"content":{"rendered":"","protected":false},"excerpt":{"rendered":"<p>Las rutas que proponemos en esta gu\u00eda recorren toda la isla y permiten descubrir la espectacular y singular belleza de sus parajes naturales, y tambi\u00e9n su amplia y completa oferta cultural derivada de la influencia y la huella dejada por todas aquellas civilizaciones que se han sucedido a lo largo de los siglos, remarcando con especial \u00e9nfasis el importante legado cultural catal\u00e1n, fruto del v\u00ednculo hist\u00f3rico que a\u00fan se mantiene en la actualidad.<\/p>\n","protected":false},"featured_media":29524,"comment_status":"closed","ping_status":"closed","template":"","meta":{"_acf_changed":false,"_monsterinsights_skip_tracking":false,"_monsterinsights_sitenote_active":false,"_monsterinsights_sitenote_note":"","_monsterinsights_sitenote_category":0},"product_brand":[],"product_cat":[1511],"product_tag":[292,295],"class_list":{"0":"post-29523","1":"product","2":"type-product","3":"status-publish","4":"has-post-thumbnail","6":"product_cat-guia-mapa-es","7":"product_tag-catalan","8":"product_tag-espanol","9":"pa_idioma-catalan","10":"pa_idioma-espanol-es-2","12":"first","13":"instock","14":"taxable","15":"shipping-taxable","16":"purchasable","17":"product-type-variable","18":"has-default-attributes"},"acf":[],"_links":{"self":[{"href":"https:\/\/triangle.cat\/es\/wp-json\/wp\/v2\/product\/29523","targetHints":{"allow":["GET"]}}],"collection":[{"href":"https:\/\/triangle.cat\/es\/wp-json\/wp\/v2\/product"}],"about":[{"href":"https:\/\/triangle.cat\/es\/wp-json\/wp\/v2\/types\/product"}],"replies":[{"embeddable":true,"href":"https:\/\/triangle.cat\/es\/wp-json\/wp\/v2\/comments?post=29523"}],"wp:featuredmedia":[{"embeddable":true,"href":"https:\/\/triangle.cat\/es\/wp-json\/wp\/v2\/media\/29524"}],"wp:attachment":[{"href":"https:\/\/triangle.cat\/es\/wp-json\/wp\/v2\/media?parent=29523"}],"wp:term":[{"taxonomy":"product_brand","embeddable":true,"href":"https:\/\/triangle.cat\/es\/wp-json\/wp\/v2\/product_brand?post=29523"},{"taxonomy":"product_cat","embeddable":true,"href":"https:\/\/triangle.cat\/es\/wp-json\/wp\/v2\/product_cat?post=29523"},{"taxonomy":"product_tag","embeddable":true,"href":"https:\/\/triangle.cat\/es\/wp-json\/wp\/v2\/product_tag?post=29523"}],"curies":[{"name":"wp","href":"https:\/\/api.w.org\/{rel}","templated":true}]}}