
{"id":29520,"date":"2023-02-14T07:58:05","date_gmt":"2023-02-14T11:12:34","guid":{"rendered":"https:\/\/www.triangleeditorial.com\/producto\/roses\/"},"modified":"2023-03-06T10:54:01","modified_gmt":"2023-03-06T10:54:01","slug":"roses","status":"publish","type":"product","link":"https:\/\/triangle.cat\/es\/producto\/roses\/","title":{"rendered":"Roses"},"content":{"rendered":"","protected":false},"excerpt":{"rendered":"<p>Roses, ciudad costera situada al norte de la Costa Brava, se ha convertido en uno de los destinos m\u00e1s habituales de Catalunya. Su paisaje forma parte del Parc dels Aiguamolls de l\u2019Empord\u00e0 y del Parc Natural de la Costa Brava. A lo largo del siglo XX, el peque\u00f1o pueblo de pescadores se ha transformado en un centro tur\u00edstico de gran inter\u00e9s, donde se han materializado las creaciones gastron\u00f3micas del cocinero Ferran Adri\u00e0.<\/p>\n","protected":false},"featured_media":30076,"comment_status":"closed","ping_status":"closed","template":"","meta":{"_acf_changed":false,"_monsterinsights_skip_tracking":false,"_monsterinsights_sitenote_active":false,"_monsterinsights_sitenote_note":"","_monsterinsights_sitenote_category":0},"product_brand":[],"product_cat":[1561],"product_tag":[991,292,295,1008,293,319],"class_list":{"0":"post-29520","1":"product","2":"type-product","3":"status-publish","4":"has-post-thumbnail","6":"product_cat-girona-costa-brava-es","7":"product_tag-aleman-es","8":"product_tag-catalan","9":"product_tag-espanol","10":"product_tag-frances-es","11":"product_tag-ingles","12":"product_tag-italiano","13":"pa_idioma-multilingue-espanol-catala-english-es","14":"pa_idioma-multilingue-francais-italiano-deutsch-es","16":"first","17":"instock","18":"taxable","19":"shipping-taxable","20":"purchasable","21":"product-type-variable","22":"has-default-attributes"},"acf":[],"_links":{"self":[{"href":"https:\/\/triangle.cat\/es\/wp-json\/wp\/v2\/product\/29520","targetHints":{"allow":["GET"]}}],"collection":[{"href":"https:\/\/triangle.cat\/es\/wp-json\/wp\/v2\/product"}],"about":[{"href":"https:\/\/triangle.cat\/es\/wp-json\/wp\/v2\/types\/product"}],"replies":[{"embeddable":true,"href":"https:\/\/triangle.cat\/es\/wp-json\/wp\/v2\/comments?post=29520"}],"wp:featuredmedia":[{"embeddable":true,"href":"https:\/\/triangle.cat\/es\/wp-json\/wp\/v2\/media\/30076"}],"wp:attachment":[{"href":"https:\/\/triangle.cat\/es\/wp-json\/wp\/v2\/media?parent=29520"}],"wp:term":[{"taxonomy":"product_brand","embeddable":true,"href":"https:\/\/triangle.cat\/es\/wp-json\/wp\/v2\/product_brand?post=29520"},{"taxonomy":"product_cat","embeddable":true,"href":"https:\/\/triangle.cat\/es\/wp-json\/wp\/v2\/product_cat?post=29520"},{"taxonomy":"product_tag","embeddable":true,"href":"https:\/\/triangle.cat\/es\/wp-json\/wp\/v2\/product_tag?post=29520"}],"curies":[{"name":"wp","href":"https:\/\/api.w.org\/{rel}","templated":true}]}}