
{"id":29518,"date":"2023-02-14T07:55:39","date_gmt":"2023-02-14T11:10:04","guid":{"rendered":"https:\/\/www.triangleeditorial.com\/producto\/roques-de-menorca\/"},"modified":"2023-02-14T11:12:36","modified_gmt":"2023-02-14T11:12:36","slug":"roques-de-menorca","status":"publish","type":"product","link":"https:\/\/triangle.cat\/es\/producto\/roques-de-menorca\/","title":{"rendered":"Roques de Menorca"},"content":{"rendered":"","protected":false},"excerpt":{"rendered":"<p>\u201cQuer\u00eda mostrar c\u00f3mo una roca no acapara la luz del sol: la comparte. Ya para los antiguos eran un s\u00edmbolo de unidad y fortaleza; para nosotros tienen una fuerza dif\u00edcilmente dominable, la fuerza y vitalidad de la naturaleza en toda su plenitud y belleza\u201d (Toni Vidal)<\/p>\n","protected":false},"featured_media":22721,"comment_status":"closed","ping_status":"closed","template":"","meta":{"_acf_changed":false,"_monsterinsights_skip_tracking":false,"_monsterinsights_sitenote_active":false,"_monsterinsights_sitenote_note":"","_monsterinsights_sitenote_category":0},"product_brand":[],"product_cat":[1553,1573],"product_tag":[292,295,293],"class_list":{"0":"post-29518","1":"product","2":"type-product","3":"status-publish","4":"has-post-thumbnail","6":"product_cat-fotografia-y-diseno","7":"product_cat-menorca-es","8":"product_tag-catalan","9":"product_tag-espanol","10":"product_tag-ingles","11":"pa_idioma-multilingue-catala-espanol-english-es","13":"first","14":"instock","15":"taxable","16":"shipping-taxable","17":"purchasable","18":"product-type-variable","19":"has-default-attributes"},"acf":[],"_links":{"self":[{"href":"https:\/\/triangle.cat\/es\/wp-json\/wp\/v2\/product\/29518","targetHints":{"allow":["GET"]}}],"collection":[{"href":"https:\/\/triangle.cat\/es\/wp-json\/wp\/v2\/product"}],"about":[{"href":"https:\/\/triangle.cat\/es\/wp-json\/wp\/v2\/types\/product"}],"replies":[{"embeddable":true,"href":"https:\/\/triangle.cat\/es\/wp-json\/wp\/v2\/comments?post=29518"}],"wp:featuredmedia":[{"embeddable":true,"href":"https:\/\/triangle.cat\/es\/wp-json\/wp\/v2\/media\/22721"}],"wp:attachment":[{"href":"https:\/\/triangle.cat\/es\/wp-json\/wp\/v2\/media?parent=29518"}],"wp:term":[{"taxonomy":"product_brand","embeddable":true,"href":"https:\/\/triangle.cat\/es\/wp-json\/wp\/v2\/product_brand?post=29518"},{"taxonomy":"product_cat","embeddable":true,"href":"https:\/\/triangle.cat\/es\/wp-json\/wp\/v2\/product_cat?post=29518"},{"taxonomy":"product_tag","embeddable":true,"href":"https:\/\/triangle.cat\/es\/wp-json\/wp\/v2\/product_tag?post=29518"}],"curies":[{"name":"wp","href":"https:\/\/api.w.org\/{rel}","templated":true}]}}