
{"id":29515,"date":"2023-02-14T07:54:57","date_gmt":"2023-02-14T11:09:19","guid":{"rendered":"https:\/\/www.triangleeditorial.com\/producto\/la-rambla\/"},"modified":"2023-02-14T11:10:06","modified_gmt":"2023-02-14T11:10:06","slug":"la-rambla","status":"publish","type":"product","link":"https:\/\/triangle.cat\/es\/producto\/la-rambla\/","title":{"rendered":"La Rambla"},"content":{"rendered":"","protected":false},"excerpt":{"rendered":"<p>Una antigua tradici\u00f3n popular afirma que quien bebe agua de la fuente de Canaletes volver\u00e1, al menos otra vez, a visitar Barcelona. Cierto o no, es indudable que, para los barceloneses y para los visitantes, la meca de la ciudad es La\u00a0Rambla. Sin darse cuenta, el peat\u00f3n pasa una y otra vez por ella; a veces simplemente la cruza, otras pasea m\u00e1s pausadamente, ramblea\u2026 Este libro propone redescubrir La Rambla, tanto desde el punto de vista hist\u00f3rico como de su singularidad urbana y social, mediante una profusa selecci\u00f3n de im\u00e1genes hist\u00f3ricas y actuales, muy a menudo de espacios interiores desconocidos o de dif\u00edcil acceso, del paseo por excelencia de Barcelona.<\/p>\n","protected":false},"featured_media":17297,"comment_status":"closed","ping_status":"closed","template":"","meta":{"_acf_changed":false,"_monsterinsights_skip_tracking":false,"_monsterinsights_sitenote_active":false,"_monsterinsights_sitenote_note":"","_monsterinsights_sitenote_category":0},"product_brand":[],"product_cat":[1540,1553],"product_tag":[292,295,1008,293],"class_list":{"0":"post-29515","1":"product","2":"type-product","3":"status-publish","4":"has-post-thumbnail","6":"product_cat-barcelona-es-2","7":"product_cat-fotografia-y-diseno","8":"product_tag-catalan","9":"product_tag-espanol","10":"product_tag-frances-es","11":"product_tag-ingles","12":"pa_idioma-multilingue-catala-english-es","13":"pa_idioma-multilingue-espanol-francais-es","15":"first","16":"instock","17":"taxable","18":"shipping-taxable","19":"purchasable","20":"product-type-variable","21":"has-default-attributes"},"acf":[],"_links":{"self":[{"href":"https:\/\/triangle.cat\/es\/wp-json\/wp\/v2\/product\/29515","targetHints":{"allow":["GET"]}}],"collection":[{"href":"https:\/\/triangle.cat\/es\/wp-json\/wp\/v2\/product"}],"about":[{"href":"https:\/\/triangle.cat\/es\/wp-json\/wp\/v2\/types\/product"}],"replies":[{"embeddable":true,"href":"https:\/\/triangle.cat\/es\/wp-json\/wp\/v2\/comments?post=29515"}],"wp:featuredmedia":[{"embeddable":true,"href":"https:\/\/triangle.cat\/es\/wp-json\/wp\/v2\/media\/17297"}],"wp:attachment":[{"href":"https:\/\/triangle.cat\/es\/wp-json\/wp\/v2\/media?parent=29515"}],"wp:term":[{"taxonomy":"product_brand","embeddable":true,"href":"https:\/\/triangle.cat\/es\/wp-json\/wp\/v2\/product_brand?post=29515"},{"taxonomy":"product_cat","embeddable":true,"href":"https:\/\/triangle.cat\/es\/wp-json\/wp\/v2\/product_cat?post=29515"},{"taxonomy":"product_tag","embeddable":true,"href":"https:\/\/triangle.cat\/es\/wp-json\/wp\/v2\/product_tag?post=29515"}],"curies":[{"name":"wp","href":"https:\/\/api.w.org\/{rel}","templated":true}]}}