
{"id":29513,"date":"2023-02-14T07:53:56","date_gmt":"2023-02-14T11:08:40","guid":{"rendered":"https:\/\/www.triangleeditorial.com\/producto\/mallorca-serra-de-tramuntana\/"},"modified":"2023-04-11T09:36:56","modified_gmt":"2023-04-11T09:36:56","slug":"mallorca-serra-de-tramuntana","status":"publish","type":"product","link":"https:\/\/triangle.cat\/es\/producto\/mallorca-serra-de-tramuntana\/","title":{"rendered":"Mallorca Serra de Tramuntana"},"content":{"rendered":"","protected":false},"excerpt":{"rendered":"<p>Fotograf\u00edas realizadas por un viajero que ama la monta\u00f1a. Instantes robados llenos de luces y sombras de una sierra que singulariza Mallorca mucho m\u00e1s que las playas de belleza salvaje. La Serra de Tramuntana rompe los t\u00f3picos sobre la isla con h\u00famedos encinares y senderos abiertos por caleros, carboneros y neveros donde cada paso dado es pura inspiraci\u00f3n. Un Patrimonio Mundial que s\u00f3lo se descubre en profundidad cuando se recorre a pie, siguiendo el GR-221 o Ruta de la Piedra en Seco.<\/p>\n","protected":false},"featured_media":30062,"comment_status":"closed","ping_status":"closed","template":"","meta":{"_acf_changed":false,"_monsterinsights_skip_tracking":false,"_monsterinsights_sitenote_active":false,"_monsterinsights_sitenote_note":"","_monsterinsights_sitenote_category":0},"product_brand":[],"product_cat":[1553,1570],"product_tag":[],"class_list":{"0":"post-29513","1":"product","2":"type-product","3":"status-publish","4":"has-post-thumbnail","6":"product_cat-fotografia-y-diseno","7":"product_cat-mallorca-es","8":"pa_idioma-multilingue-catala-espanol-english-deustch-es","10":"first","11":"instock","12":"taxable","13":"shipping-taxable","14":"purchasable","15":"product-type-variable","16":"has-default-attributes"},"acf":[],"_links":{"self":[{"href":"https:\/\/triangle.cat\/es\/wp-json\/wp\/v2\/product\/29513","targetHints":{"allow":["GET"]}}],"collection":[{"href":"https:\/\/triangle.cat\/es\/wp-json\/wp\/v2\/product"}],"about":[{"href":"https:\/\/triangle.cat\/es\/wp-json\/wp\/v2\/types\/product"}],"replies":[{"embeddable":true,"href":"https:\/\/triangle.cat\/es\/wp-json\/wp\/v2\/comments?post=29513"}],"wp:featuredmedia":[{"embeddable":true,"href":"https:\/\/triangle.cat\/es\/wp-json\/wp\/v2\/media\/30062"}],"wp:attachment":[{"href":"https:\/\/triangle.cat\/es\/wp-json\/wp\/v2\/media?parent=29513"}],"wp:term":[{"taxonomy":"product_brand","embeddable":true,"href":"https:\/\/triangle.cat\/es\/wp-json\/wp\/v2\/product_brand?post=29513"},{"taxonomy":"product_cat","embeddable":true,"href":"https:\/\/triangle.cat\/es\/wp-json\/wp\/v2\/product_cat?post=29513"},{"taxonomy":"product_tag","embeddable":true,"href":"https:\/\/triangle.cat\/es\/wp-json\/wp\/v2\/product_tag?post=29513"}],"curies":[{"name":"wp","href":"https:\/\/api.w.org\/{rel}","templated":true}]}}