
{"id":29511,"date":"2023-02-14T07:53:42","date_gmt":"2023-02-14T07:53:42","guid":{"rendered":"https:\/\/www.triangleeditorial.com\/producto\/la-pedrera-sostres-i-forja\/"},"modified":"2023-02-14T11:08:42","modified_gmt":"2023-02-14T11:08:42","slug":"la-pedrera-sostres-i-forja","status":"publish","type":"product","link":"https:\/\/triangle.cat\/es\/producto\/la-pedrera-sostres-i-forja\/","title":{"rendered":"La Pedrera sostres i forja"},"content":{"rendered":"","protected":false},"excerpt":{"rendered":"<p>Gaud\u00ed sigue sorprendiendo y apasionando a los expertos. Cada nueva aproximaci\u00f3n que realizan a su obra revela facetas y detalles del trabajo del genial arquitecto desconocidos hasta ahora. Los libros La Pedrera sostres y La Pedrera forja \u2014a cargo, respectivamente, de los arquitectos Galdric Santana y David Ferrer\u2014 nos descubren aspectos in\u00e9ditos de la Casa Mil\u00e0 explicados con fotograf\u00edas de Pere Vivas que nunca antes se hab\u00edan realizado, muchas de las cuales son de espacios no accesibles al p\u00fablico. En La Pedrera Sostres nos sorprenden los cielos rasos de las habitaciones al escapar del plano horizontal que les es propio, as\u00ed como la nueva pl\u00e1stica que presenta su ornamentaci\u00f3n y que no se hab\u00eda visto hasta entonces. Por su parte, La Pedrera Forja pone en valor la rejer\u00eda del edificio \u2014evidenciando el grado de virtuosismo, sin parang\u00f3n en Europa, a que hab\u00eda llegado la forja catalana de principios del siglo xx\u2014 y que constituye por s\u00ed sola uno de los conjuntos escult\u00f3ricos m\u00e1s relevantes del arte contempor\u00e1neo.<\/p>\n","protected":false},"featured_media":16571,"comment_status":"closed","ping_status":"closed","template":"","meta":{"_acf_changed":false,"_monsterinsights_skip_tracking":false,"_monsterinsights_sitenote_active":false,"_monsterinsights_sitenote_note":"","_monsterinsights_sitenote_category":0},"product_brand":[],"product_cat":[1558,1537,1553],"product_tag":[292,295,293],"class_list":{"0":"post-29511","1":"product","2":"type-product","3":"status-publish","4":"has-post-thumbnail","6":"product_cat-antoni-gaudi-es","7":"product_cat-arte-y-arquitectura-es","8":"product_cat-fotografia-y-diseno","9":"product_tag-catalan","10":"product_tag-espanol","11":"product_tag-ingles","12":"pa_idioma-multilingue-catala-espanol-english-es","14":"first","15":"instock","16":"taxable","17":"shipping-taxable","18":"purchasable","19":"product-type-variable","20":"has-default-attributes"},"acf":[],"_links":{"self":[{"href":"https:\/\/triangle.cat\/es\/wp-json\/wp\/v2\/product\/29511","targetHints":{"allow":["GET"]}}],"collection":[{"href":"https:\/\/triangle.cat\/es\/wp-json\/wp\/v2\/product"}],"about":[{"href":"https:\/\/triangle.cat\/es\/wp-json\/wp\/v2\/types\/product"}],"replies":[{"embeddable":true,"href":"https:\/\/triangle.cat\/es\/wp-json\/wp\/v2\/comments?post=29511"}],"wp:featuredmedia":[{"embeddable":true,"href":"https:\/\/triangle.cat\/es\/wp-json\/wp\/v2\/media\/16571"}],"wp:attachment":[{"href":"https:\/\/triangle.cat\/es\/wp-json\/wp\/v2\/media?parent=29511"}],"wp:term":[{"taxonomy":"product_brand","embeddable":true,"href":"https:\/\/triangle.cat\/es\/wp-json\/wp\/v2\/product_brand?post=29511"},{"taxonomy":"product_cat","embeddable":true,"href":"https:\/\/triangle.cat\/es\/wp-json\/wp\/v2\/product_cat?post=29511"},{"taxonomy":"product_tag","embeddable":true,"href":"https:\/\/triangle.cat\/es\/wp-json\/wp\/v2\/product_tag?post=29511"}],"curies":[{"name":"wp","href":"https:\/\/api.w.org\/{rel}","templated":true}]}}