
{"id":29509,"date":"2023-02-14T07:52:50","date_gmt":"2023-02-14T11:07:43","guid":{"rendered":"https:\/\/www.triangleeditorial.com\/producto\/menorca-6\/"},"modified":"2024-07-21T18:56:07","modified_gmt":"2024-07-21T16:56:07","slug":"menorca-6","status":"publish","type":"product","link":"https:\/\/triangle.cat\/es\/producto\/menorca-6\/","title":{"rendered":"Menorca"},"content":{"rendered":"","protected":false},"excerpt":{"rendered":"<p>Fr\u00e9d\u00e9rique Mahieu, maestra artesana de la piedra en seco, autora de los textos y creadora del Espacio de Piedra Seca en las Canteras de s\u2019Hostal de la Fundaci\u00f3n L\u00edthica. Compagina su actividad artesanal con la divulgativa participando en los congresos de piedra. Su visi\u00f3n t\u00e9cnica, cultural y did\u00e1ctica se conjugan con la reflexi\u00f3n y valoraci\u00f3n de un oficio tradicional propio de la isla. La fot\u00f3grafa parisina Laurence Toussaint, fija su mirada en el humilde trabajo de la piedra en seco. Un trabajo que humaniza el paisaje, y a la misma piedra, a trav\u00e9s de estructuras de an\u00f3nimos arquitectos que dejan su monumental huella como testimonio de identidad y tradici\u00f3n cultural. Su objetivo capta lo esencial del lugar para compartirlo en un acto de fotograf\u00eda art\u00edstica de autor.<\/p>\n","protected":false},"featured_media":30037,"comment_status":"closed","ping_status":"closed","template":"","meta":{"_acf_changed":false,"_monsterinsights_skip_tracking":false,"_monsterinsights_sitenote_active":false,"_monsterinsights_sitenote_note":"","_monsterinsights_sitenote_category":0},"product_brand":[],"product_cat":[1529,1573,1460],"product_tag":[],"class_list":{"0":"post-29509","1":"product","2":"type-product","3":"status-publish","4":"has-post-thumbnail","6":"product_cat-libros","7":"product_cat-menorca-es","8":"product_cat-sin-categorizar-es","9":"pa_idioma-multilingue-catala-espanol-english-francais-es","11":"first","12":"instock","13":"taxable","14":"shipping-taxable","15":"purchasable","16":"product-type-variable","17":"has-default-attributes"},"acf":[],"_links":{"self":[{"href":"https:\/\/triangle.cat\/es\/wp-json\/wp\/v2\/product\/29509","targetHints":{"allow":["GET"]}}],"collection":[{"href":"https:\/\/triangle.cat\/es\/wp-json\/wp\/v2\/product"}],"about":[{"href":"https:\/\/triangle.cat\/es\/wp-json\/wp\/v2\/types\/product"}],"replies":[{"embeddable":true,"href":"https:\/\/triangle.cat\/es\/wp-json\/wp\/v2\/comments?post=29509"}],"wp:featuredmedia":[{"embeddable":true,"href":"https:\/\/triangle.cat\/es\/wp-json\/wp\/v2\/media\/30037"}],"wp:attachment":[{"href":"https:\/\/triangle.cat\/es\/wp-json\/wp\/v2\/media?parent=29509"}],"wp:term":[{"taxonomy":"product_brand","embeddable":true,"href":"https:\/\/triangle.cat\/es\/wp-json\/wp\/v2\/product_brand?post=29509"},{"taxonomy":"product_cat","embeddable":true,"href":"https:\/\/triangle.cat\/es\/wp-json\/wp\/v2\/product_cat?post=29509"},{"taxonomy":"product_tag","embeddable":true,"href":"https:\/\/triangle.cat\/es\/wp-json\/wp\/v2\/product_tag?post=29509"}],"curies":[{"name":"wp","href":"https:\/\/api.w.org\/{rel}","templated":true}]}}