
{"id":29507,"date":"2023-02-14T07:50:00","date_gmt":"2023-02-14T11:04:52","guid":{"rendered":"https:\/\/www.triangleeditorial.com\/producto\/casa-batllo-3\/"},"modified":"2023-08-02T10:32:36","modified_gmt":"2023-08-02T08:32:36","slug":"casa-batllo-3","status":"publish","type":"product","link":"https:\/\/triangle.cat\/es\/producto\/casa-batllo-3\/","title":{"rendered":"Casa Batll\u00f3"},"content":{"rendered":"","protected":false},"excerpt":{"rendered":"<p>La Casa Batll\u00f3 para pintarla y disfrutar en peque\u00f1o formato.Os presentamos este pack de postales para jugar donde quiera que est\u00e9s y enviar el resultado a los que m\u00e1s quieres.Los peque\u00f1os de la casa podr\u00e1n internarse en el Mundo Gaud\u00ed a trav\u00e9s de una de sus obras m\u00e1s excepcionales: la Casa Batll\u00f3.Arquitectura, arte, biolog\u00eda, historia, fauna, flora, astronom\u00eda &#8230; No hay tem\u00e1tica que el color no pueda abrazar y que la s\u00edntesis gr\u00e1fica no pueda explicar.Una fusi\u00f3n perfecta de creatividad, diversi\u00f3n y aprendizaje!<\/p>\n","protected":false},"featured_media":30085,"comment_status":"closed","ping_status":"closed","template":"","meta":{"_acf_changed":false,"_monsterinsights_skip_tracking":false,"_monsterinsights_sitenote_active":false,"_monsterinsights_sitenote_note":"","_monsterinsights_sitenote_category":0},"product_brand":[],"product_cat":[1564,1913],"product_tag":[],"class_list":{"0":"post-29507","1":"product","2":"type-product","3":"status-publish","4":"has-post-thumbnail","6":"product_cat-infantil-es","7":"product_cat-llibres-infantils-es","8":"pa_idioma-multilingue-catala-espanol-english-francais-deutsch-italiano-es","10":"first","11":"instock","12":"taxable","13":"shipping-taxable","14":"purchasable","15":"product-type-variable"},"acf":[],"_links":{"self":[{"href":"https:\/\/triangle.cat\/es\/wp-json\/wp\/v2\/product\/29507","targetHints":{"allow":["GET"]}}],"collection":[{"href":"https:\/\/triangle.cat\/es\/wp-json\/wp\/v2\/product"}],"about":[{"href":"https:\/\/triangle.cat\/es\/wp-json\/wp\/v2\/types\/product"}],"replies":[{"embeddable":true,"href":"https:\/\/triangle.cat\/es\/wp-json\/wp\/v2\/comments?post=29507"}],"wp:featuredmedia":[{"embeddable":true,"href":"https:\/\/triangle.cat\/es\/wp-json\/wp\/v2\/media\/30085"}],"wp:attachment":[{"href":"https:\/\/triangle.cat\/es\/wp-json\/wp\/v2\/media?parent=29507"}],"wp:term":[{"taxonomy":"product_brand","embeddable":true,"href":"https:\/\/triangle.cat\/es\/wp-json\/wp\/v2\/product_brand?post=29507"},{"taxonomy":"product_cat","embeddable":true,"href":"https:\/\/triangle.cat\/es\/wp-json\/wp\/v2\/product_cat?post=29507"},{"taxonomy":"product_tag","embeddable":true,"href":"https:\/\/triangle.cat\/es\/wp-json\/wp\/v2\/product_tag?post=29507"}],"curies":[{"name":"wp","href":"https:\/\/api.w.org\/{rel}","templated":true}]}}