
{"id":29505,"date":"2023-02-14T07:49:49","date_gmt":"2023-02-14T11:04:37","guid":{"rendered":"https:\/\/www.triangleeditorial.com\/producto\/pirene-nostrum\/"},"modified":"2023-07-28T09:11:09","modified_gmt":"2023-07-28T09:11:09","slug":"pirene-nostrum","status":"publish","type":"product","link":"https:\/\/triangle.cat\/es\/producto\/pirene-nostrum\/","title":{"rendered":"Pirene Nostrum"},"content":{"rendered":"","protected":false},"excerpt":{"rendered":"<p>Una mirada completa a los Pirineos del Mediterr\u00e1neo, donde confluyen las culturas de Catalu\u00f1a y Francia. La existencia de cuatro parques naturales es una garant\u00eda de su biodiversidad. Un paisaje con pueblos como Cotlliure o Cadaqu\u00e9s, que inspiraron los pinceles de Dal\u00ed, Derain y Matisse. Su amplia oferta cultural \u2013que incluye el conjunto greco-romano d\u2019Emp\u00faries, el monasterio de Sant Pere de Rodes o el Museo de Arte Moderno de Ceret\u2013 es un ejemplo de historia acumulada.<\/p>\n","protected":false},"featured_media":22663,"comment_status":"closed","ping_status":"closed","template":"","meta":{"_acf_changed":false,"_monsterinsights_skip_tracking":false,"_monsterinsights_sitenote_active":false,"_monsterinsights_sitenote_note":"","_monsterinsights_sitenote_category":0},"product_brand":[],"product_cat":[1543,1553],"product_tag":[292,295,1008,293],"class_list":{"0":"post-29505","1":"product","2":"type-product","3":"status-publish","4":"has-post-thumbnail","6":"product_cat-cataluna-es","7":"product_cat-fotografia-y-diseno","8":"product_tag-catalan","9":"product_tag-espanol","10":"product_tag-frances-es","11":"product_tag-ingles","12":"pa_idioma-multilingue-catala-espanol-english-francais-es","14":"first","15":"instock","16":"taxable","17":"shipping-taxable","18":"purchasable","19":"product-type-variable","20":"has-default-attributes"},"acf":[],"_links":{"self":[{"href":"https:\/\/triangle.cat\/es\/wp-json\/wp\/v2\/product\/29505","targetHints":{"allow":["GET"]}}],"collection":[{"href":"https:\/\/triangle.cat\/es\/wp-json\/wp\/v2\/product"}],"about":[{"href":"https:\/\/triangle.cat\/es\/wp-json\/wp\/v2\/types\/product"}],"replies":[{"embeddable":true,"href":"https:\/\/triangle.cat\/es\/wp-json\/wp\/v2\/comments?post=29505"}],"wp:featuredmedia":[{"embeddable":true,"href":"https:\/\/triangle.cat\/es\/wp-json\/wp\/v2\/media\/22663"}],"wp:attachment":[{"href":"https:\/\/triangle.cat\/es\/wp-json\/wp\/v2\/media?parent=29505"}],"wp:term":[{"taxonomy":"product_brand","embeddable":true,"href":"https:\/\/triangle.cat\/es\/wp-json\/wp\/v2\/product_brand?post=29505"},{"taxonomy":"product_cat","embeddable":true,"href":"https:\/\/triangle.cat\/es\/wp-json\/wp\/v2\/product_cat?post=29505"},{"taxonomy":"product_tag","embeddable":true,"href":"https:\/\/triangle.cat\/es\/wp-json\/wp\/v2\/product_tag?post=29505"}],"curies":[{"name":"wp","href":"https:\/\/api.w.org\/{rel}","templated":true}]}}