
{"id":29495,"date":"2023-02-14T07:48:49","date_gmt":"2023-02-14T11:03:26","guid":{"rendered":"https:\/\/www.triangleeditorial.com\/producto\/el-palau-de-la-musica-catalana\/"},"modified":"2023-02-14T11:03:49","modified_gmt":"2023-02-14T11:03:49","slug":"el-palau-de-la-musica-catalana","status":"publish","type":"product","link":"https:\/\/triangle.cat\/es\/producto\/el-palau-de-la-musica-catalana\/","title":{"rendered":"El Palau de la M\u00fasica Catalana"},"content":{"rendered":"","protected":false},"excerpt":{"rendered":"<p>El Palau de la M\u00fasica Catalana descubre los secretos del prodigioso edificio de Barcelona concebido hace un siglo por el talento del arquitecto modernista Llu\u00eds Dom\u00e8nech i Montaner. El libro muestra la belleza del Palau original, sin olvidar sus nuevos equipamientos y las \u00faltimas restauraciones, dirigidas por el arquitecto \u00d2scar Tusquets. El escritor y cr\u00edtico de arte Robert Hughes da las claves para entender su importancia est\u00e9tica y arquitect\u00f3nica.<\/p>\n","protected":false},"featured_media":20668,"comment_status":"closed","ping_status":"closed","template":"","meta":{"_acf_changed":false,"_monsterinsights_skip_tracking":false,"_monsterinsights_sitenote_active":false,"_monsterinsights_sitenote_note":"","_monsterinsights_sitenote_category":0},"product_brand":[],"product_cat":[1537,1540],"product_tag":[991,292,295,1008,293,319],"class_list":{"0":"post-29495","1":"product","2":"type-product","3":"status-publish","4":"has-post-thumbnail","6":"product_cat-arte-y-arquitectura-es","7":"product_cat-barcelona-es-2","8":"product_tag-aleman-es","9":"product_tag-catalan","10":"product_tag-espanol","11":"product_tag-frances-es","12":"product_tag-ingles","13":"product_tag-italiano","14":"pa_idioma-multilingue-catala-espanol-english-es","15":"pa_idioma-multilingue-francais-deutsch-italiano-es","17":"first","18":"instock","19":"taxable","20":"shipping-taxable","21":"purchasable","22":"product-type-variable","23":"has-default-attributes"},"acf":[],"_links":{"self":[{"href":"https:\/\/triangle.cat\/es\/wp-json\/wp\/v2\/product\/29495","targetHints":{"allow":["GET"]}}],"collection":[{"href":"https:\/\/triangle.cat\/es\/wp-json\/wp\/v2\/product"}],"about":[{"href":"https:\/\/triangle.cat\/es\/wp-json\/wp\/v2\/types\/product"}],"replies":[{"embeddable":true,"href":"https:\/\/triangle.cat\/es\/wp-json\/wp\/v2\/comments?post=29495"}],"wp:featuredmedia":[{"embeddable":true,"href":"https:\/\/triangle.cat\/es\/wp-json\/wp\/v2\/media\/20668"}],"wp:attachment":[{"href":"https:\/\/triangle.cat\/es\/wp-json\/wp\/v2\/media?parent=29495"}],"wp:term":[{"taxonomy":"product_brand","embeddable":true,"href":"https:\/\/triangle.cat\/es\/wp-json\/wp\/v2\/product_brand?post=29495"},{"taxonomy":"product_cat","embeddable":true,"href":"https:\/\/triangle.cat\/es\/wp-json\/wp\/v2\/product_cat?post=29495"},{"taxonomy":"product_tag","embeddable":true,"href":"https:\/\/triangle.cat\/es\/wp-json\/wp\/v2\/product_tag?post=29495"}],"curies":[{"name":"wp","href":"https:\/\/api.w.org\/{rel}","templated":true}]}}